{"id":23952,"date":"2022-06-24T14:09:58","date_gmt":"2022-06-24T12:09:58","guid":{"rendered":"http:\/\/www.hapy-com.fr\/echoppe\/product\/distributeur-de-sacs-rucin-7\/"},"modified":"2022-06-24T14:09:58","modified_gmt":"2022-06-24T12:09:58","slug":"distributeur-de-sacs-rucin-7","status":"publish","type":"product","link":"https:\/\/www.hapy-com.fr\/echoppe\/product\/distributeur-de-sacs-rucin-7\/","title":{"rendered":"Distributeur de Sacs Rucin"},"content":{"rendered":"<p>Distributeur de sacs pour animaux en forme d\u00b4os avec corps r\u00e9sistant d\u00e9clin\u00e9 en couleurs vives. Mousqueton de transport assorti. Livr\u00e9 avec 15 sacs.<\/p>\n","protected":false},"excerpt":{"rendered":"<p>Distributeur de sacs pour animaux en forme d\u00b4os avec corps r\u00e9sistant d\u00e9clin\u00e9 en couleurs vives. Mousqueton de transport assorti. Livr\u00e9 avec 15 sacs.<\/p>\n","protected":false},"featured_media":23951,"template":"","meta":[],"product_cat":[362],"product_tag":[],"class_list":{"0":"post-23952","1":"product","2":"type-product","3":"status-publish","4":"has-post-thumbnail","6":"product_cat-produits-pour-animaux","8":"first","9":"instock","10":"shipping-taxable","11":"purchasable","12":"product-type-simple"},"_links":{"self":[{"href":"https:\/\/www.hapy-com.fr\/echoppe\/wp-json\/wp\/v2\/product\/23952","targetHints":{"allow":["GET"]}}],"collection":[{"href":"https:\/\/www.hapy-com.fr\/echoppe\/wp-json\/wp\/v2\/product"}],"about":[{"href":"https:\/\/www.hapy-com.fr\/echoppe\/wp-json\/wp\/v2\/types\/product"}],"wp:featuredmedia":[{"embeddable":true,"href":"https:\/\/www.hapy-com.fr\/echoppe\/wp-json\/wp\/v2\/media\/23951"}],"wp:attachment":[{"href":"https:\/\/www.hapy-com.fr\/echoppe\/wp-json\/wp\/v2\/media?parent=23952"}],"wp:term":[{"taxonomy":"product_cat","embeddable":true,"href":"https:\/\/www.hapy-com.fr\/echoppe\/wp-json\/wp\/v2\/product_cat?post=23952"},{"taxonomy":"product_tag","embeddable":true,"href":"https:\/\/www.hapy-com.fr\/echoppe\/wp-json\/wp\/v2\/product_tag?post=23952"}],"curies":[{"name":"wp","href":"https:\/\/api.w.org\/{rel}","templated":true}]}}