{"id":23956,"date":"2022-06-24T14:10:02","date_gmt":"2022-06-24T12:10:02","guid":{"rendered":"http:\/\/www.hapy-com.fr\/echoppe\/product\/bol-pliable-baloyn\/"},"modified":"2022-06-24T14:10:02","modified_gmt":"2022-06-24T12:10:02","slug":"bol-pliable-baloyn","status":"publish","type":"product","link":"https:\/\/www.hapy-com.fr\/echoppe\/product\/bol-pliable-baloyn\/","title":{"rendered":"Bol Pliable Baloyn"},"content":{"rendered":"<p>Gamelle pliable robuste pour animaux. Con\u00e7u pour les solides et les liquides de capacit\u00e9 450 ml. Mousqueton de transport en m\u00e9tal de couleur assorti. Disponible en diff\u00e9rentes couleurs. TPR<\/p>\n","protected":false},"excerpt":{"rendered":"<p>Gamelle pliable robuste pour animaux. Con\u00e7u pour les solides et les liquides de capacit\u00e9 450 ml. Mousqueton de transport en m\u00e9tal de couleur assorti. Disponible en diff\u00e9rentes couleurs. TPR<\/p>\n","protected":false},"featured_media":23955,"template":"","meta":[],"product_cat":[362],"product_tag":[],"class_list":{"0":"post-23956","1":"product","2":"type-product","3":"status-publish","4":"has-post-thumbnail","6":"product_cat-produits-pour-animaux","8":"first","9":"instock","10":"shipping-taxable","11":"purchasable","12":"product-type-simple"},"_links":{"self":[{"href":"https:\/\/www.hapy-com.fr\/echoppe\/wp-json\/wp\/v2\/product\/23956","targetHints":{"allow":["GET"]}}],"collection":[{"href":"https:\/\/www.hapy-com.fr\/echoppe\/wp-json\/wp\/v2\/product"}],"about":[{"href":"https:\/\/www.hapy-com.fr\/echoppe\/wp-json\/wp\/v2\/types\/product"}],"wp:featuredmedia":[{"embeddable":true,"href":"https:\/\/www.hapy-com.fr\/echoppe\/wp-json\/wp\/v2\/media\/23955"}],"wp:attachment":[{"href":"https:\/\/www.hapy-com.fr\/echoppe\/wp-json\/wp\/v2\/media?parent=23956"}],"wp:term":[{"taxonomy":"product_cat","embeddable":true,"href":"https:\/\/www.hapy-com.fr\/echoppe\/wp-json\/wp\/v2\/product_cat?post=23956"},{"taxonomy":"product_tag","embeddable":true,"href":"https:\/\/www.hapy-com.fr\/echoppe\/wp-json\/wp\/v2\/product_tag?post=23956"}],"curies":[{"name":"wp","href":"https:\/\/api.w.org\/{rel}","templated":true}]}}