{"id":23964,"date":"2022-06-24T14:10:09","date_gmt":"2022-06-24T12:10:09","guid":{"rendered":"http:\/\/www.hapy-com.fr\/echoppe\/product\/set-animaux-de-compagnie-matsen-2\/"},"modified":"2022-06-24T14:10:09","modified_gmt":"2022-06-24T12:10:09","slug":"set-animaux-de-compagnie-matsen-2","status":"publish","type":"product","link":"https:\/\/www.hapy-com.fr\/echoppe\/product\/set-animaux-de-compagnie-matsen-2\/","title":{"rendered":"Set Animaux de Compagnie Matsen"},"content":{"rendered":"<p>Set pour animaux de compagnie. Capacit\u00e9 de 900ml, comprenant 2 compartiments (solide et liquide) et un verrou de s\u00e9curit\u00e9. Bol pliant assorti, avec mousqueton de verrouillage en m\u00e9tal.<\/p>\n","protected":false},"excerpt":{"rendered":"<p>Set pour animaux de compagnie. Capacit\u00e9 de 900ml, comprenant 2 compartiments (solide et liquide) et un verrou de s\u00e9curit\u00e9. Bol pliant assorti, avec mousqueton de verrouillage en m\u00e9tal.<\/p>\n","protected":false},"featured_media":23963,"template":"","meta":[],"product_cat":[362],"product_tag":[],"class_list":{"0":"post-23964","1":"product","2":"type-product","3":"status-publish","4":"has-post-thumbnail","6":"product_cat-produits-pour-animaux","8":"first","9":"instock","10":"shipping-taxable","11":"purchasable","12":"product-type-simple"},"_links":{"self":[{"href":"https:\/\/www.hapy-com.fr\/echoppe\/wp-json\/wp\/v2\/product\/23964","targetHints":{"allow":["GET"]}}],"collection":[{"href":"https:\/\/www.hapy-com.fr\/echoppe\/wp-json\/wp\/v2\/product"}],"about":[{"href":"https:\/\/www.hapy-com.fr\/echoppe\/wp-json\/wp\/v2\/types\/product"}],"wp:featuredmedia":[{"embeddable":true,"href":"https:\/\/www.hapy-com.fr\/echoppe\/wp-json\/wp\/v2\/media\/23963"}],"wp:attachment":[{"href":"https:\/\/www.hapy-com.fr\/echoppe\/wp-json\/wp\/v2\/media?parent=23964"}],"wp:term":[{"taxonomy":"product_cat","embeddable":true,"href":"https:\/\/www.hapy-com.fr\/echoppe\/wp-json\/wp\/v2\/product_cat?post=23964"},{"taxonomy":"product_tag","embeddable":true,"href":"https:\/\/www.hapy-com.fr\/echoppe\/wp-json\/wp\/v2\/product_tag?post=23964"}],"curies":[{"name":"wp","href":"https:\/\/api.w.org\/{rel}","templated":true}]}}