{"id":23970,"date":"2022-06-24T14:10:14","date_gmt":"2022-06-24T12:10:14","guid":{"rendered":"http:\/\/www.hapy-com.fr\/echoppe\/product\/laisse-pour-animaux-fronuk-3\/"},"modified":"2022-06-24T14:10:14","modified_gmt":"2022-06-24T12:10:14","slug":"laisse-pour-animaux-fronuk-3","status":"publish","type":"product","link":"https:\/\/www.hapy-com.fr\/echoppe\/product\/laisse-pour-animaux-fronuk-3\/","title":{"rendered":"Laisse pour Animaux Fronuk"},"content":{"rendered":"<p>Laisse en polyester r\u00e9sistant de 130 cm de long, sp\u00e9cialement con\u00e7ue pour les grands chiens. Avec poign\u00e9e renforc\u00e9e et rembourr\u00e9 en PU. Crochet mousqueton chrom\u00e9, disponible en deux couleurs. Polyester<\/p>\n","protected":false},"excerpt":{"rendered":"<p>Laisse en polyester r\u00e9sistant de 130 cm de long, sp\u00e9cialement con\u00e7ue pour les grands chiens. Avec poign\u00e9e renforc\u00e9e et rembourr\u00e9 en PU. Crochet mousqueton chrom\u00e9, disponible en deux couleurs. Polyester<\/p>\n","protected":false},"featured_media":23969,"template":"","meta":[],"product_cat":[362],"product_tag":[],"class_list":{"0":"post-23970","1":"product","2":"type-product","3":"status-publish","4":"has-post-thumbnail","6":"product_cat-produits-pour-animaux","8":"first","9":"instock","10":"shipping-taxable","11":"purchasable","12":"product-type-simple"},"_links":{"self":[{"href":"https:\/\/www.hapy-com.fr\/echoppe\/wp-json\/wp\/v2\/product\/23970","targetHints":{"allow":["GET"]}}],"collection":[{"href":"https:\/\/www.hapy-com.fr\/echoppe\/wp-json\/wp\/v2\/product"}],"about":[{"href":"https:\/\/www.hapy-com.fr\/echoppe\/wp-json\/wp\/v2\/types\/product"}],"wp:featuredmedia":[{"embeddable":true,"href":"https:\/\/www.hapy-com.fr\/echoppe\/wp-json\/wp\/v2\/media\/23969"}],"wp:attachment":[{"href":"https:\/\/www.hapy-com.fr\/echoppe\/wp-json\/wp\/v2\/media?parent=23970"}],"wp:term":[{"taxonomy":"product_cat","embeddable":true,"href":"https:\/\/www.hapy-com.fr\/echoppe\/wp-json\/wp\/v2\/product_cat?post=23970"},{"taxonomy":"product_tag","embeddable":true,"href":"https:\/\/www.hapy-com.fr\/echoppe\/wp-json\/wp\/v2\/product_tag?post=23970"}],"curies":[{"name":"wp","href":"https:\/\/api.w.org\/{rel}","templated":true}]}}