{"id":23978,"date":"2022-06-24T14:10:21","date_gmt":"2022-06-24T12:10:21","guid":{"rendered":"http:\/\/www.hapy-com.fr\/echoppe\/product\/distributeur-de-sacs-antibacterien-wabik\/"},"modified":"2022-06-24T14:10:21","modified_gmt":"2022-06-24T12:10:21","slug":"distributeur-de-sacs-antibacterien-wabik","status":"publish","type":"product","link":"https:\/\/www.hapy-com.fr\/echoppe\/product\/distributeur-de-sacs-antibacterien-wabik\/","title":{"rendered":"Distributeur de Sacs Antibact\u00e9rien Wabik"},"content":{"rendered":"<p>Distributeur de sacs antibact\u00e9rien pour animaux de compagnie, avec corps r\u00e9sistant dans une finition solide. Mousqueton de transport de couleur assortie, avec 15 sacs biod\u00e9gradables inclus. Pr\u00e9sent\u00e9 dans un sac individuel.  Les produits avec des traitements antibact\u00e9riens sont capables de r\u00e9duire consid\u00e9rablement les niveaux bact\u00e9riens pr\u00e9sents sur les surfaces des mat\u00e9riaux, gr\u00e2ce \u00e0 l\u00b4ajout d\u00b4agents microbiens statiques permanents, avec une grande efficacit\u00e9 pour inhiber et pr\u00e9venir la contamination bact\u00e9rienne.  Article selon la norme ISO 22196, qui d\u00e9termine l\u00b4activit\u00e9 antibact\u00e9rienne des mati\u00e8res plastiques et des surfaces non poreuses. Cela nous permet de conna\u00eetre l\u00b4efficacit\u00e9 de l\u00b4inhibition microbienne des additifs sur les objets trait\u00e9s au moyen d\u00b4une \u00e9valuation quantitative.<\/p>\n","protected":false},"excerpt":{"rendered":"<p>Distributeur de sacs antibact\u00e9rien pour animaux de compagnie, avec corps r\u00e9sistant dans une finition solide. Mousqueton de transport de couleur assortie, avec 15 sacs biod\u00e9gradables inclus. Pr\u00e9sent\u00e9 dans un sac&#8230;<\/p>\n","protected":false},"featured_media":23976,"template":"","meta":[],"product_cat":[362],"product_tag":[],"class_list":{"0":"post-23978","1":"product","2":"type-product","3":"status-publish","4":"has-post-thumbnail","6":"product_cat-produits-pour-animaux","8":"first","9":"instock","10":"shipping-taxable","11":"purchasable","12":"product-type-simple"},"_links":{"self":[{"href":"https:\/\/www.hapy-com.fr\/echoppe\/wp-json\/wp\/v2\/product\/23978","targetHints":{"allow":["GET"]}}],"collection":[{"href":"https:\/\/www.hapy-com.fr\/echoppe\/wp-json\/wp\/v2\/product"}],"about":[{"href":"https:\/\/www.hapy-com.fr\/echoppe\/wp-json\/wp\/v2\/types\/product"}],"wp:featuredmedia":[{"embeddable":true,"href":"https:\/\/www.hapy-com.fr\/echoppe\/wp-json\/wp\/v2\/media\/23976"}],"wp:attachment":[{"href":"https:\/\/www.hapy-com.fr\/echoppe\/wp-json\/wp\/v2\/media?parent=23978"}],"wp:term":[{"taxonomy":"product_cat","embeddable":true,"href":"https:\/\/www.hapy-com.fr\/echoppe\/wp-json\/wp\/v2\/product_cat?post=23978"},{"taxonomy":"product_tag","embeddable":true,"href":"https:\/\/www.hapy-com.fr\/echoppe\/wp-json\/wp\/v2\/product_tag?post=23978"}],"curies":[{"name":"wp","href":"https:\/\/api.w.org\/{rel}","templated":true}]}}