{"id":23981,"date":"2022-06-24T14:10:25","date_gmt":"2022-06-24T12:10:25","guid":{"rendered":"http:\/\/www.hapy-com.fr\/echoppe\/product\/bol-pliable-flux\/"},"modified":"2022-06-24T14:10:25","modified_gmt":"2022-06-24T12:10:25","slug":"bol-pliable-flux","status":"publish","type":"product","link":"https:\/\/www.hapy-com.fr\/echoppe\/product\/bol-pliable-flux\/","title":{"rendered":"Bol Pliable Flux"},"content":{"rendered":"<p>Gamelle pliable pour animaux en polyester r\u00e9sistant doubl\u00e9e de nylon. Avec sangle renforc\u00e9 pour transport. Couleurs vives.<\/p>\n","protected":false},"excerpt":{"rendered":"<p>Gamelle pliable pour animaux en polyester r\u00e9sistant doubl\u00e9e de nylon. Avec sangle renforc\u00e9 pour transport. Couleurs vives.<\/p>\n","protected":false},"featured_media":23979,"template":"","meta":[],"product_cat":[362],"product_tag":[],"class_list":{"0":"post-23981","1":"product","2":"type-product","3":"status-publish","4":"has-post-thumbnail","6":"product_cat-produits-pour-animaux","8":"first","9":"instock","10":"shipping-taxable","11":"purchasable","12":"product-type-simple"},"_links":{"self":[{"href":"https:\/\/www.hapy-com.fr\/echoppe\/wp-json\/wp\/v2\/product\/23981","targetHints":{"allow":["GET"]}}],"collection":[{"href":"https:\/\/www.hapy-com.fr\/echoppe\/wp-json\/wp\/v2\/product"}],"about":[{"href":"https:\/\/www.hapy-com.fr\/echoppe\/wp-json\/wp\/v2\/types\/product"}],"wp:featuredmedia":[{"embeddable":true,"href":"https:\/\/www.hapy-com.fr\/echoppe\/wp-json\/wp\/v2\/media\/23979"}],"wp:attachment":[{"href":"https:\/\/www.hapy-com.fr\/echoppe\/wp-json\/wp\/v2\/media?parent=23981"}],"wp:term":[{"taxonomy":"product_cat","embeddable":true,"href":"https:\/\/www.hapy-com.fr\/echoppe\/wp-json\/wp\/v2\/product_cat?post=23981"},{"taxonomy":"product_tag","embeddable":true,"href":"https:\/\/www.hapy-com.fr\/echoppe\/wp-json\/wp\/v2\/product_tag?post=23981"}],"curies":[{"name":"wp","href":"https:\/\/api.w.org\/{rel}","templated":true}]}}