{"id":24189,"date":"2022-06-24T14:13:36","date_gmt":"2022-06-24T12:13:36","guid":{"rendered":"http:\/\/www.hapy-com.fr\/echoppe\/product\/sac-ides-2\/"},"modified":"2022-06-24T14:13:36","modified_gmt":"2022-06-24T12:13:36","slug":"sac-ides-2","status":"publish","type":"product","link":"https:\/\/www.hapy-com.fr\/echoppe\/product\/sac-ides-2\/","title":{"rendered":"Sac Ides"},"content":{"rendered":"<p>Sac en Intiss\u00e9 lamin\u00e9 en 80g\/m2, finition m\u00e9tallis\u00e9e, gamme vari\u00e9e de couleurs vives. Avec anses de 50 cm. Soufflet renforc\u00e9 par liser\u00e9 et finition cousue. R\u00e9sistance jusqu\u2019\u00e0 7kg<\/p>\n","protected":false},"excerpt":{"rendered":"<p>Sac en Intiss\u00e9 lamin\u00e9 en 80g\/m2, finition m\u00e9tallis\u00e9e, gamme vari\u00e9e de couleurs vives. Avec anses de 50 cm. Soufflet renforc\u00e9 par liser\u00e9 et finition cousue. R\u00e9sistance jusqu\u2019\u00e0 7kg<\/p>\n","protected":false},"featured_media":24188,"template":"","meta":[],"product_cat":[363],"product_tag":[],"class_list":{"0":"post-24189","1":"product","2":"type-product","3":"status-publish","4":"has-post-thumbnail","6":"product_cat-sacs-et-bagages","8":"first","9":"instock","10":"shipping-taxable","11":"purchasable","12":"product-type-simple"},"_links":{"self":[{"href":"https:\/\/www.hapy-com.fr\/echoppe\/wp-json\/wp\/v2\/product\/24189","targetHints":{"allow":["GET"]}}],"collection":[{"href":"https:\/\/www.hapy-com.fr\/echoppe\/wp-json\/wp\/v2\/product"}],"about":[{"href":"https:\/\/www.hapy-com.fr\/echoppe\/wp-json\/wp\/v2\/types\/product"}],"wp:featuredmedia":[{"embeddable":true,"href":"https:\/\/www.hapy-com.fr\/echoppe\/wp-json\/wp\/v2\/media\/24188"}],"wp:attachment":[{"href":"https:\/\/www.hapy-com.fr\/echoppe\/wp-json\/wp\/v2\/media?parent=24189"}],"wp:term":[{"taxonomy":"product_cat","embeddable":true,"href":"https:\/\/www.hapy-com.fr\/echoppe\/wp-json\/wp\/v2\/product_cat?post=24189"},{"taxonomy":"product_tag","embeddable":true,"href":"https:\/\/www.hapy-com.fr\/echoppe\/wp-json\/wp\/v2\/product_tag?post=24189"}],"curies":[{"name":"wp","href":"https:\/\/api.w.org\/{rel}","templated":true}]}}