{"id":24205,"date":"2022-06-24T14:13:50","date_gmt":"2022-06-24T12:13:50","guid":{"rendered":"http:\/\/www.hapy-com.fr\/echoppe\/product\/sac-pliable-kima-6\/"},"modified":"2022-06-24T14:13:50","modified_gmt":"2022-06-24T12:13:50","slug":"sac-pliable-kima-6","status":"publish","type":"product","link":"https:\/\/www.hapy-com.fr\/echoppe\/product\/sac-pliable-kima-6\/","title":{"rendered":"Sac Pliable Kima"},"content":{"rendered":"<p>Sac pliable en polyester 190T r\u00e9sistant et doux, propos\u00e9 en coloris vifs et vari\u00e9s. Avec anse renforc\u00e9e en nylon et syst\u00e8me de pliage au moyen de la poche frontale avec zip assorti. Avec soufflet, finition cousue et pli\u00e9 en petit format<\/p>\n","protected":false},"excerpt":{"rendered":"<p>Sac pliable en polyester 190T r\u00e9sistant et doux, propos\u00e9 en coloris vifs et vari\u00e9s. Avec anse renforc\u00e9e en nylon et syst\u00e8me de pliage au moyen de la poche frontale avec&#8230;<\/p>\n","protected":false},"featured_media":24195,"template":"","meta":[],"product_cat":[363],"product_tag":[],"class_list":{"0":"post-24205","1":"product","2":"type-product","3":"status-publish","4":"has-post-thumbnail","6":"product_cat-sacs-et-bagages","8":"first","9":"instock","10":"shipping-taxable","11":"purchasable","12":"product-type-simple"},"_links":{"self":[{"href":"https:\/\/www.hapy-com.fr\/echoppe\/wp-json\/wp\/v2\/product\/24205","targetHints":{"allow":["GET"]}}],"collection":[{"href":"https:\/\/www.hapy-com.fr\/echoppe\/wp-json\/wp\/v2\/product"}],"about":[{"href":"https:\/\/www.hapy-com.fr\/echoppe\/wp-json\/wp\/v2\/types\/product"}],"wp:featuredmedia":[{"embeddable":true,"href":"https:\/\/www.hapy-com.fr\/echoppe\/wp-json\/wp\/v2\/media\/24195"}],"wp:attachment":[{"href":"https:\/\/www.hapy-com.fr\/echoppe\/wp-json\/wp\/v2\/media?parent=24205"}],"wp:term":[{"taxonomy":"product_cat","embeddable":true,"href":"https:\/\/www.hapy-com.fr\/echoppe\/wp-json\/wp\/v2\/product_cat?post=24205"},{"taxonomy":"product_tag","embeddable":true,"href":"https:\/\/www.hapy-com.fr\/echoppe\/wp-json\/wp\/v2\/product_tag?post=24205"}],"curies":[{"name":"wp","href":"https:\/\/api.w.org\/{rel}","templated":true}]}}