{"id":24231,"date":"2022-06-24T14:14:14","date_gmt":"2022-06-24T12:14:14","guid":{"rendered":"http:\/\/www.hapy-com.fr\/echoppe\/product\/sac-tucson-5\/"},"modified":"2022-06-24T14:14:14","modified_gmt":"2022-06-24T12:14:14","slug":"sac-tucson-5","status":"publish","type":"product","link":"https:\/\/www.hapy-com.fr\/echoppe\/product\/sac-tucson-5\/","title":{"rendered":"Sac Tucson"},"content":{"rendered":"<p>Sac Tucson en intiss\u00e9 de 100g\/m2 propos\u00e9 dans une gamme de coloris vifs et vari\u00e9s. Avec de grandes anses de 70 cm de couleur noire.Soufflet renforc\u00e9 par passepoil, finition cousu. R\u00e9sistance au poids jusqu\u2019\u00e0 9kg<\/p>\n","protected":false},"excerpt":{"rendered":"<p>Sac Tucson en intiss\u00e9 de 100g\/m2 propos\u00e9 dans une gamme de coloris vifs et vari\u00e9s. Avec de grandes anses de 70 cm de couleur noire.Soufflet renforc\u00e9 par passepoil, finition cousu&#8230;.<\/p>\n","protected":false},"featured_media":24230,"template":"","meta":[],"product_cat":[363],"product_tag":[],"class_list":{"0":"post-24231","1":"product","2":"type-product","3":"status-publish","4":"has-post-thumbnail","6":"product_cat-sacs-et-bagages","8":"first","9":"instock","10":"shipping-taxable","11":"purchasable","12":"product-type-simple"},"_links":{"self":[{"href":"https:\/\/www.hapy-com.fr\/echoppe\/wp-json\/wp\/v2\/product\/24231","targetHints":{"allow":["GET"]}}],"collection":[{"href":"https:\/\/www.hapy-com.fr\/echoppe\/wp-json\/wp\/v2\/product"}],"about":[{"href":"https:\/\/www.hapy-com.fr\/echoppe\/wp-json\/wp\/v2\/types\/product"}],"wp:featuredmedia":[{"embeddable":true,"href":"https:\/\/www.hapy-com.fr\/echoppe\/wp-json\/wp\/v2\/media\/24230"}],"wp:attachment":[{"href":"https:\/\/www.hapy-com.fr\/echoppe\/wp-json\/wp\/v2\/media?parent=24231"}],"wp:term":[{"taxonomy":"product_cat","embeddable":true,"href":"https:\/\/www.hapy-com.fr\/echoppe\/wp-json\/wp\/v2\/product_cat?post=24231"},{"taxonomy":"product_tag","embeddable":true,"href":"https:\/\/www.hapy-com.fr\/echoppe\/wp-json\/wp\/v2\/product_tag?post=24231"}],"curies":[{"name":"wp","href":"https:\/\/api.w.org\/{rel}","templated":true}]}}