{"id":24253,"date":"2022-06-24T14:14:32","date_gmt":"2022-06-24T12:14:32","guid":{"rendered":"http:\/\/www.hapy-com.fr\/echoppe\/product\/caddie-course-max-3\/"},"modified":"2022-06-24T14:14:32","modified_gmt":"2022-06-24T12:14:32","slug":"caddie-course-max-3","status":"publish","type":"product","link":"https:\/\/www.hapy-com.fr\/echoppe\/product\/caddie-course-max-3\/","title":{"rendered":"Caddie Course Max"},"content":{"rendered":"<p>Caddie de courses pliable en polyester r\u00e9sistant 600D . Gamme vari\u00e9e de couleurs vives. Avec poign\u00e9es renforc\u00e9es, corps m\u00e9tallique tubulaire, poche zipp\u00e9e \u00e0 l\u00b4arri\u00e8re et supports gomm\u00e9s de protection. Roues renforc\u00e9es de haute qualit\u00e9.<\/p>\n","protected":false},"excerpt":{"rendered":"<p>Caddie de courses pliable en polyester r\u00e9sistant 600D . Gamme vari\u00e9e de couleurs vives. Avec poign\u00e9es renforc\u00e9es, corps m\u00e9tallique tubulaire, poche zipp\u00e9e \u00e0 l\u00b4arri\u00e8re et supports gomm\u00e9s de protection. Roues&#8230;<\/p>\n","protected":false},"featured_media":24252,"template":"","meta":[],"product_cat":[363],"product_tag":[],"class_list":{"0":"post-24253","1":"product","2":"type-product","3":"status-publish","4":"has-post-thumbnail","6":"product_cat-sacs-et-bagages","8":"first","9":"instock","10":"shipping-taxable","11":"purchasable","12":"product-type-simple"},"_links":{"self":[{"href":"https:\/\/www.hapy-com.fr\/echoppe\/wp-json\/wp\/v2\/product\/24253","targetHints":{"allow":["GET"]}}],"collection":[{"href":"https:\/\/www.hapy-com.fr\/echoppe\/wp-json\/wp\/v2\/product"}],"about":[{"href":"https:\/\/www.hapy-com.fr\/echoppe\/wp-json\/wp\/v2\/types\/product"}],"wp:featuredmedia":[{"embeddable":true,"href":"https:\/\/www.hapy-com.fr\/echoppe\/wp-json\/wp\/v2\/media\/24252"}],"wp:attachment":[{"href":"https:\/\/www.hapy-com.fr\/echoppe\/wp-json\/wp\/v2\/media?parent=24253"}],"wp:term":[{"taxonomy":"product_cat","embeddable":true,"href":"https:\/\/www.hapy-com.fr\/echoppe\/wp-json\/wp\/v2\/product_cat?post=24253"},{"taxonomy":"product_tag","embeddable":true,"href":"https:\/\/www.hapy-com.fr\/echoppe\/wp-json\/wp\/v2\/product_tag?post=24253"}],"curies":[{"name":"wp","href":"https:\/\/api.w.org\/{rel}","templated":true}]}}