{"id":24267,"date":"2022-06-24T14:14:46","date_gmt":"2022-06-24T12:14:46","guid":{"rendered":"http:\/\/www.hapy-com.fr\/echoppe\/product\/sac-shopper-3\/"},"modified":"2022-06-24T14:14:46","modified_gmt":"2022-06-24T12:14:46","slug":"sac-shopper-3","status":"publish","type":"product","link":"https:\/\/www.hapy-com.fr\/echoppe\/product\/sac-shopper-3\/","title":{"rendered":"Sac Shopper"},"content":{"rendered":"<p>Sac en intiss\u00e9 de 80g\/m2. Gamme vari\u00e9e de couleurs vives. Avec anses moyennes renforc\u00e9es de 45 cm. Soufflet et finition cousue.R\u00e9sistance au poids jusqu\u00b4\u00e0 7 kg.<\/p>\n","protected":false},"excerpt":{"rendered":"<p>Sac en intiss\u00e9 de 80g\/m2. Gamme vari\u00e9e de couleurs vives. Avec anses moyennes renforc\u00e9es de 45 cm. Soufflet et finition cousue.R\u00e9sistance au poids jusqu\u00b4\u00e0 7 kg.<\/p>\n","protected":false},"featured_media":24266,"template":"","meta":[],"product_cat":[363],"product_tag":[],"class_list":{"0":"post-24267","1":"product","2":"type-product","3":"status-publish","4":"has-post-thumbnail","6":"product_cat-sacs-et-bagages","8":"first","9":"instock","10":"shipping-taxable","11":"purchasable","12":"product-type-simple"},"_links":{"self":[{"href":"https:\/\/www.hapy-com.fr\/echoppe\/wp-json\/wp\/v2\/product\/24267","targetHints":{"allow":["GET"]}}],"collection":[{"href":"https:\/\/www.hapy-com.fr\/echoppe\/wp-json\/wp\/v2\/product"}],"about":[{"href":"https:\/\/www.hapy-com.fr\/echoppe\/wp-json\/wp\/v2\/types\/product"}],"wp:featuredmedia":[{"embeddable":true,"href":"https:\/\/www.hapy-com.fr\/echoppe\/wp-json\/wp\/v2\/media\/24266"}],"wp:attachment":[{"href":"https:\/\/www.hapy-com.fr\/echoppe\/wp-json\/wp\/v2\/media?parent=24267"}],"wp:term":[{"taxonomy":"product_cat","embeddable":true,"href":"https:\/\/www.hapy-com.fr\/echoppe\/wp-json\/wp\/v2\/product_cat?post=24267"},{"taxonomy":"product_tag","embeddable":true,"href":"https:\/\/www.hapy-com.fr\/echoppe\/wp-json\/wp\/v2\/product_tag?post=24267"}],"curies":[{"name":"wp","href":"https:\/\/api.w.org\/{rel}","templated":true}]}}