{"id":24297,"date":"2022-06-24T14:15:14","date_gmt":"2022-06-24T12:15:14","guid":{"rendered":"http:\/\/www.hapy-com.fr\/echoppe\/product\/sac-flubber\/"},"modified":"2022-06-24T14:15:14","modified_gmt":"2022-06-24T12:15:14","slug":"sac-flubber","status":"publish","type":"product","link":"https:\/\/www.hapy-com.fr\/echoppe\/product\/sac-flubber\/","title":{"rendered":"Sac Flubber"},"content":{"rendered":"<p>Sac en Intiss\u00e9 lamin\u00e9 de finition brillante.Gamme vari\u00e9e de couleurs vives. Avec anses renforc\u00e9es de dimension moyenne 48 cm. Finition cousue. Soufflet et liser\u00e9 renforc\u00e9<\/p>\n","protected":false},"excerpt":{"rendered":"<p>Sac en Intiss\u00e9 lamin\u00e9 de finition brillante.Gamme vari\u00e9e de couleurs vives. Avec anses renforc\u00e9es de dimension moyenne 48 cm. Finition cousue. Soufflet et liser\u00e9 renforc\u00e9<\/p>\n","protected":false},"featured_media":24295,"template":"","meta":[],"product_cat":[363],"product_tag":[],"class_list":{"0":"post-24297","1":"product","2":"type-product","3":"status-publish","4":"has-post-thumbnail","6":"product_cat-sacs-et-bagages","8":"first","9":"instock","10":"shipping-taxable","11":"purchasable","12":"product-type-simple"},"_links":{"self":[{"href":"https:\/\/www.hapy-com.fr\/echoppe\/wp-json\/wp\/v2\/product\/24297","targetHints":{"allow":["GET"]}}],"collection":[{"href":"https:\/\/www.hapy-com.fr\/echoppe\/wp-json\/wp\/v2\/product"}],"about":[{"href":"https:\/\/www.hapy-com.fr\/echoppe\/wp-json\/wp\/v2\/types\/product"}],"wp:featuredmedia":[{"embeddable":true,"href":"https:\/\/www.hapy-com.fr\/echoppe\/wp-json\/wp\/v2\/media\/24295"}],"wp:attachment":[{"href":"https:\/\/www.hapy-com.fr\/echoppe\/wp-json\/wp\/v2\/media?parent=24297"}],"wp:term":[{"taxonomy":"product_cat","embeddable":true,"href":"https:\/\/www.hapy-com.fr\/echoppe\/wp-json\/wp\/v2\/product_cat?post=24297"},{"taxonomy":"product_tag","embeddable":true,"href":"https:\/\/www.hapy-com.fr\/echoppe\/wp-json\/wp\/v2\/product_tag?post=24297"}],"curies":[{"name":"wp","href":"https:\/\/api.w.org\/{rel}","templated":true}]}}