{"id":24376,"date":"2022-06-24T14:16:28","date_gmt":"2022-06-24T12:16:28","guid":{"rendered":"http:\/\/www.hapy-com.fr\/echoppe\/product\/sac-divia-5\/"},"modified":"2022-06-24T14:16:28","modified_gmt":"2022-06-24T12:16:28","slug":"sac-divia-5","status":"publish","type":"product","link":"https:\/\/www.hapy-com.fr\/echoppe\/product\/sac-divia-5\/","title":{"rendered":"Sac Divia"},"content":{"rendered":"<p>Sac de haute qualit\u00e9 en intiss\u00e9 lamin\u00e9 de 110g\/m2, dans une gamme vari\u00e9e de couleurs vives et brillantes. Avec anses courtes renforc\u00e9es de 35cm, soufflet et finition thermosoud\u00e9e. R\u00e9sistance au poids jusqu\u00b4\u00e0 8 kg .<\/p>\n","protected":false},"excerpt":{"rendered":"<p>Sac de haute qualit\u00e9 en intiss\u00e9 lamin\u00e9 de 110g\/m2, dans une gamme vari\u00e9e de couleurs vives et brillantes. Avec anses courtes renforc\u00e9es de 35cm, soufflet et finition thermosoud\u00e9e. R\u00e9sistance au&#8230;<\/p>\n","protected":false},"featured_media":24375,"template":"","meta":[],"product_cat":[363],"product_tag":[],"class_list":{"0":"post-24376","1":"product","2":"type-product","3":"status-publish","4":"has-post-thumbnail","6":"product_cat-sacs-et-bagages","8":"first","9":"instock","10":"shipping-taxable","11":"purchasable","12":"product-type-simple"},"_links":{"self":[{"href":"https:\/\/www.hapy-com.fr\/echoppe\/wp-json\/wp\/v2\/product\/24376","targetHints":{"allow":["GET"]}}],"collection":[{"href":"https:\/\/www.hapy-com.fr\/echoppe\/wp-json\/wp\/v2\/product"}],"about":[{"href":"https:\/\/www.hapy-com.fr\/echoppe\/wp-json\/wp\/v2\/types\/product"}],"wp:featuredmedia":[{"embeddable":true,"href":"https:\/\/www.hapy-com.fr\/echoppe\/wp-json\/wp\/v2\/media\/24375"}],"wp:attachment":[{"href":"https:\/\/www.hapy-com.fr\/echoppe\/wp-json\/wp\/v2\/media?parent=24376"}],"wp:term":[{"taxonomy":"product_cat","embeddable":true,"href":"https:\/\/www.hapy-com.fr\/echoppe\/wp-json\/wp\/v2\/product_cat?post=24376"},{"taxonomy":"product_tag","embeddable":true,"href":"https:\/\/www.hapy-com.fr\/echoppe\/wp-json\/wp\/v2\/product_tag?post=24376"}],"curies":[{"name":"wp","href":"https:\/\/api.w.org\/{rel}","templated":true}]}}