{"id":24385,"date":"2022-06-24T14:16:36","date_gmt":"2022-06-24T12:16:36","guid":{"rendered":"http:\/\/www.hapy-com.fr\/echoppe\/product\/sac-pliable-altair-2\/"},"modified":"2022-06-24T14:16:36","modified_gmt":"2022-06-24T12:16:36","slug":"sac-pliable-altair-2","status":"publish","type":"product","link":"https:\/\/www.hapy-com.fr\/echoppe\/product\/sac-pliable-altair-2\/","title":{"rendered":"Sac Pliable Altair"},"content":{"rendered":"<p>Sac pliable en polyester 190T r\u00e9sistant et souple, couleurs fluorescentes vives. Grande poign\u00e9e et lien en caoutchouc avec accessoire de serrage pour le maintenir pli\u00e9. Finition cousue, se plie en petite taille. Avec soufflet et mousqueton de transport.<\/p>\n","protected":false},"excerpt":{"rendered":"<p>Sac pliable en polyester 190T r\u00e9sistant et souple, couleurs fluorescentes vives. Grande poign\u00e9e et lien en caoutchouc avec accessoire de serrage pour le maintenir pli\u00e9. Finition cousue, se plie en&#8230;<\/p>\n","protected":false},"featured_media":24384,"template":"","meta":[],"product_cat":[363],"product_tag":[],"class_list":{"0":"post-24385","1":"product","2":"type-product","3":"status-publish","4":"has-post-thumbnail","6":"product_cat-sacs-et-bagages","8":"first","9":"instock","10":"shipping-taxable","11":"purchasable","12":"product-type-simple"},"_links":{"self":[{"href":"https:\/\/www.hapy-com.fr\/echoppe\/wp-json\/wp\/v2\/product\/24385","targetHints":{"allow":["GET"]}}],"collection":[{"href":"https:\/\/www.hapy-com.fr\/echoppe\/wp-json\/wp\/v2\/product"}],"about":[{"href":"https:\/\/www.hapy-com.fr\/echoppe\/wp-json\/wp\/v2\/types\/product"}],"wp:featuredmedia":[{"embeddable":true,"href":"https:\/\/www.hapy-com.fr\/echoppe\/wp-json\/wp\/v2\/media\/24384"}],"wp:attachment":[{"href":"https:\/\/www.hapy-com.fr\/echoppe\/wp-json\/wp\/v2\/media?parent=24385"}],"wp:term":[{"taxonomy":"product_cat","embeddable":true,"href":"https:\/\/www.hapy-com.fr\/echoppe\/wp-json\/wp\/v2\/product_cat?post=24385"},{"taxonomy":"product_tag","embeddable":true,"href":"https:\/\/www.hapy-com.fr\/echoppe\/wp-json\/wp\/v2\/product_tag?post=24385"}],"curies":[{"name":"wp","href":"https:\/\/api.w.org\/{rel}","templated":true}]}}