{"id":24423,"date":"2022-06-24T14:17:10","date_gmt":"2022-06-24T12:17:10","guid":{"rendered":"http:\/\/www.hapy-com.fr\/echoppe\/product\/caddie-course-fasty-2\/"},"modified":"2022-06-24T14:17:10","modified_gmt":"2022-06-24T12:17:10","slug":"caddie-course-fasty-2","status":"publish","type":"product","link":"https:\/\/www.hapy-com.fr\/echoppe\/product\/caddie-course-fasty-2\/","title":{"rendered":"Caddie Course Fasty"},"content":{"rendered":"<p>Caddie de courses pliable en polyester r\u00e9sistant 600D . Gamme vari\u00e9e de couleurs vives. Poign\u00e9es en nylon renforc\u00e9es et poche zipp\u00e9e frontale assorties, avec supports m\u00e9talliques. Se plie en petite taille.<\/p>\n","protected":false},"excerpt":{"rendered":"<p>Caddie de courses pliable en polyester r\u00e9sistant 600D . Gamme vari\u00e9e de couleurs vives. Poign\u00e9es en nylon renforc\u00e9es et poche zipp\u00e9e frontale assorties, avec supports m\u00e9talliques. Se plie en petite&#8230;<\/p>\n","protected":false},"featured_media":24422,"template":"","meta":[],"product_cat":[363],"product_tag":[],"class_list":{"0":"post-24423","1":"product","2":"type-product","3":"status-publish","4":"has-post-thumbnail","6":"product_cat-sacs-et-bagages","8":"first","9":"instock","10":"shipping-taxable","11":"purchasable","12":"product-type-simple"},"_links":{"self":[{"href":"https:\/\/www.hapy-com.fr\/echoppe\/wp-json\/wp\/v2\/product\/24423","targetHints":{"allow":["GET"]}}],"collection":[{"href":"https:\/\/www.hapy-com.fr\/echoppe\/wp-json\/wp\/v2\/product"}],"about":[{"href":"https:\/\/www.hapy-com.fr\/echoppe\/wp-json\/wp\/v2\/types\/product"}],"wp:featuredmedia":[{"embeddable":true,"href":"https:\/\/www.hapy-com.fr\/echoppe\/wp-json\/wp\/v2\/media\/24422"}],"wp:attachment":[{"href":"https:\/\/www.hapy-com.fr\/echoppe\/wp-json\/wp\/v2\/media?parent=24423"}],"wp:term":[{"taxonomy":"product_cat","embeddable":true,"href":"https:\/\/www.hapy-com.fr\/echoppe\/wp-json\/wp\/v2\/product_cat?post=24423"},{"taxonomy":"product_tag","embeddable":true,"href":"https:\/\/www.hapy-com.fr\/echoppe\/wp-json\/wp\/v2\/product_tag?post=24423"}],"curies":[{"name":"wp","href":"https:\/\/api.w.org\/{rel}","templated":true}]}}