{"id":24433,"date":"2022-06-24T14:17:19","date_gmt":"2022-06-24T12:17:19","guid":{"rendered":"http:\/\/www.hapy-com.fr\/echoppe\/product\/sac-fuzox-3\/"},"modified":"2022-06-24T14:17:19","modified_gmt":"2022-06-24T12:17:19","slug":"sac-fuzox-3","status":"publish","type":"product","link":"https:\/\/www.hapy-com.fr\/echoppe\/product\/sac-fuzox-3\/","title":{"rendered":"Sac Fuzox"},"content":{"rendered":"<p>Sac en 100% coton. Corps de couleur naturelle et poign\u00e9es en couleurs vives et vari\u00e9es. Anses de 70 cm de long, finition cousue. R\u00e9sistance au poids jusqu\u00b4\u00e0 7 kg.<\/p>\n","protected":false},"excerpt":{"rendered":"<p>Sac en 100% coton. Corps de couleur naturelle et poign\u00e9es en couleurs vives et vari\u00e9es. Anses de 70 cm de long, finition cousue. R\u00e9sistance au poids jusqu\u00b4\u00e0 7 kg.<\/p>\n","protected":false},"featured_media":24432,"template":"","meta":[],"product_cat":[363],"product_tag":[],"class_list":{"0":"post-24433","1":"product","2":"type-product","3":"status-publish","4":"has-post-thumbnail","6":"product_cat-sacs-et-bagages","8":"first","9":"instock","10":"shipping-taxable","11":"purchasable","12":"product-type-simple"},"_links":{"self":[{"href":"https:\/\/www.hapy-com.fr\/echoppe\/wp-json\/wp\/v2\/product\/24433","targetHints":{"allow":["GET"]}}],"collection":[{"href":"https:\/\/www.hapy-com.fr\/echoppe\/wp-json\/wp\/v2\/product"}],"about":[{"href":"https:\/\/www.hapy-com.fr\/echoppe\/wp-json\/wp\/v2\/types\/product"}],"wp:featuredmedia":[{"embeddable":true,"href":"https:\/\/www.hapy-com.fr\/echoppe\/wp-json\/wp\/v2\/media\/24432"}],"wp:attachment":[{"href":"https:\/\/www.hapy-com.fr\/echoppe\/wp-json\/wp\/v2\/media?parent=24433"}],"wp:term":[{"taxonomy":"product_cat","embeddable":true,"href":"https:\/\/www.hapy-com.fr\/echoppe\/wp-json\/wp\/v2\/product_cat?post=24433"},{"taxonomy":"product_tag","embeddable":true,"href":"https:\/\/www.hapy-com.fr\/echoppe\/wp-json\/wp\/v2\/product_tag?post=24433"}],"curies":[{"name":"wp","href":"https:\/\/api.w.org\/{rel}","templated":true}]}}