{"id":24455,"date":"2022-06-24T14:17:41","date_gmt":"2022-06-24T12:17:41","guid":{"rendered":"http:\/\/www.hapy-com.fr\/echoppe\/product\/sac-jazzin-9\/"},"modified":"2022-06-24T14:17:41","modified_gmt":"2022-06-24T12:17:41","slug":"sac-jazzin-9","status":"publish","type":"product","link":"https:\/\/www.hapy-com.fr\/echoppe\/product\/sac-jazzin-9\/","title":{"rendered":"Sac Jazzin"},"content":{"rendered":"<p>Sac non-woven de 80g\/m2, dans une large gamme de couleurs vives. Avec de longues poign\u00e9es de 68cm et finition thermosoud\u00e9e. R\u00e9sistance jusqu\u00b4\u00e0 5 kg de poids.<\/p>\n","protected":false},"excerpt":{"rendered":"<p>Sac non-woven de 80g\/m2, dans une large gamme de couleurs vives. Avec de longues poign\u00e9es de 68cm et finition thermosoud\u00e9e. R\u00e9sistance jusqu\u00b4\u00e0 5 kg de poids.<\/p>\n","protected":false},"featured_media":24454,"template":"","meta":[],"product_cat":[363],"product_tag":[],"class_list":{"0":"post-24455","1":"product","2":"type-product","3":"status-publish","4":"has-post-thumbnail","6":"product_cat-sacs-et-bagages","8":"first","9":"instock","10":"shipping-taxable","11":"purchasable","12":"product-type-simple"},"_links":{"self":[{"href":"https:\/\/www.hapy-com.fr\/echoppe\/wp-json\/wp\/v2\/product\/24455","targetHints":{"allow":["GET"]}}],"collection":[{"href":"https:\/\/www.hapy-com.fr\/echoppe\/wp-json\/wp\/v2\/product"}],"about":[{"href":"https:\/\/www.hapy-com.fr\/echoppe\/wp-json\/wp\/v2\/types\/product"}],"wp:featuredmedia":[{"embeddable":true,"href":"https:\/\/www.hapy-com.fr\/echoppe\/wp-json\/wp\/v2\/media\/24454"}],"wp:attachment":[{"href":"https:\/\/www.hapy-com.fr\/echoppe\/wp-json\/wp\/v2\/media?parent=24455"}],"wp:term":[{"taxonomy":"product_cat","embeddable":true,"href":"https:\/\/www.hapy-com.fr\/echoppe\/wp-json\/wp\/v2\/product_cat?post=24455"},{"taxonomy":"product_tag","embeddable":true,"href":"https:\/\/www.hapy-com.fr\/echoppe\/wp-json\/wp\/v2\/product_tag?post=24455"}],"curies":[{"name":"wp","href":"https:\/\/api.w.org\/{rel}","templated":true}]}}