{"id":24471,"date":"2022-06-24T14:17:56","date_gmt":"2022-06-24T12:17:56","guid":{"rendered":"http:\/\/www.hapy-com.fr\/echoppe\/product\/sac-natia-6\/"},"modified":"2022-06-24T14:17:56","modified_gmt":"2022-06-24T12:17:56","slug":"sac-natia-6","status":"publish","type":"product","link":"https:\/\/www.hapy-com.fr\/echoppe\/product\/sac-natia-6\/","title":{"rendered":"Sac Natia"},"content":{"rendered":"<p>Sac en intiss\u00e9 lamin\u00e9 mat de 110g\/m2 dans une gamme vari\u00e9e de couleurs vives. Anses renforc\u00e9es de 55 cm, soufflet et finition cousue. R\u00e9sistance jusqu\u00b4\u00e0 9 kg.<\/p>\n","protected":false},"excerpt":{"rendered":"<p>Sac en intiss\u00e9 lamin\u00e9 mat de 110g\/m2 dans une gamme vari\u00e9e de couleurs vives. Anses renforc\u00e9es de 55 cm, soufflet et finition cousue. R\u00e9sistance jusqu\u00b4\u00e0 9 kg.<\/p>\n","protected":false},"featured_media":24470,"template":"","meta":[],"product_cat":[363],"product_tag":[],"class_list":{"0":"post-24471","1":"product","2":"type-product","3":"status-publish","4":"has-post-thumbnail","6":"product_cat-sacs-et-bagages","8":"first","9":"instock","10":"shipping-taxable","11":"purchasable","12":"product-type-simple"},"_links":{"self":[{"href":"https:\/\/www.hapy-com.fr\/echoppe\/wp-json\/wp\/v2\/product\/24471","targetHints":{"allow":["GET"]}}],"collection":[{"href":"https:\/\/www.hapy-com.fr\/echoppe\/wp-json\/wp\/v2\/product"}],"about":[{"href":"https:\/\/www.hapy-com.fr\/echoppe\/wp-json\/wp\/v2\/types\/product"}],"wp:featuredmedia":[{"embeddable":true,"href":"https:\/\/www.hapy-com.fr\/echoppe\/wp-json\/wp\/v2\/media\/24470"}],"wp:attachment":[{"href":"https:\/\/www.hapy-com.fr\/echoppe\/wp-json\/wp\/v2\/media?parent=24471"}],"wp:term":[{"taxonomy":"product_cat","embeddable":true,"href":"https:\/\/www.hapy-com.fr\/echoppe\/wp-json\/wp\/v2\/product_cat?post=24471"},{"taxonomy":"product_tag","embeddable":true,"href":"https:\/\/www.hapy-com.fr\/echoppe\/wp-json\/wp\/v2\/product_tag?post=24471"}],"curies":[{"name":"wp","href":"https:\/\/api.w.org\/{rel}","templated":true}]}}