{"id":24496,"date":"2022-06-24T14:18:19","date_gmt":"2022-06-24T12:18:19","guid":{"rendered":"http:\/\/www.hapy-com.fr\/echoppe\/product\/sac-hintol-5\/"},"modified":"2022-06-24T14:18:19","modified_gmt":"2022-06-24T12:18:19","slug":"sac-hintol-5","status":"publish","type":"product","link":"https:\/\/www.hapy-com.fr\/echoppe\/product\/sac-hintol-5\/","title":{"rendered":"Sac Hintol"},"content":{"rendered":"<p>Sac en toile de jute avec le corps disponible dans une gamme vari\u00e9e de couleurs \u00e9clatantes. Longues anses renforc\u00e9es blanches en coton de 70 cm. Finition cousue et r\u00e9sistance jusqu\u00b4\u00e0 10 kg.<\/p>\n","protected":false},"excerpt":{"rendered":"<p>Sac en toile de jute avec le corps disponible dans une gamme vari\u00e9e de couleurs \u00e9clatantes. Longues anses renforc\u00e9es blanches en coton de 70 cm. Finition cousue et r\u00e9sistance jusqu\u00b4\u00e0&#8230;<\/p>\n","protected":false},"featured_media":24495,"template":"","meta":[],"product_cat":[363],"product_tag":[],"class_list":{"0":"post-24496","1":"product","2":"type-product","3":"status-publish","4":"has-post-thumbnail","6":"product_cat-sacs-et-bagages","8":"first","9":"instock","10":"shipping-taxable","11":"purchasable","12":"product-type-simple"},"_links":{"self":[{"href":"https:\/\/www.hapy-com.fr\/echoppe\/wp-json\/wp\/v2\/product\/24496","targetHints":{"allow":["GET"]}}],"collection":[{"href":"https:\/\/www.hapy-com.fr\/echoppe\/wp-json\/wp\/v2\/product"}],"about":[{"href":"https:\/\/www.hapy-com.fr\/echoppe\/wp-json\/wp\/v2\/types\/product"}],"wp:featuredmedia":[{"embeddable":true,"href":"https:\/\/www.hapy-com.fr\/echoppe\/wp-json\/wp\/v2\/media\/24495"}],"wp:attachment":[{"href":"https:\/\/www.hapy-com.fr\/echoppe\/wp-json\/wp\/v2\/media?parent=24496"}],"wp:term":[{"taxonomy":"product_cat","embeddable":true,"href":"https:\/\/www.hapy-com.fr\/echoppe\/wp-json\/wp\/v2\/product_cat?post=24496"},{"taxonomy":"product_tag","embeddable":true,"href":"https:\/\/www.hapy-com.fr\/echoppe\/wp-json\/wp\/v2\/product_tag?post=24496"}],"curies":[{"name":"wp","href":"https:\/\/api.w.org\/{rel}","templated":true}]}}