{"id":24515,"date":"2022-06-24T14:18:36","date_gmt":"2022-06-24T12:18:36","guid":{"rendered":"http:\/\/www.hapy-com.fr\/echoppe\/product\/sac-decal-7\/"},"modified":"2022-06-24T14:18:36","modified_gmt":"2022-06-24T12:18:36","slug":"sac-decal-7","status":"publish","type":"product","link":"https:\/\/www.hapy-com.fr\/echoppe\/product\/sac-decal-7\/","title":{"rendered":"Sac Decal"},"content":{"rendered":"<p>Sac en intiss\u00e9 lamin\u00e9 de 110g\/m2. Corps et poign\u00e9es en coloris blanc et soufflet disponibles dans une large gamme de couleurs vives et lumineuses. Avec anses renforc\u00e9es de 54 cm, soufflet et finition thermosoud\u00e9e. R\u00e9sistance jusqu\u00b4\u00e0 9 kg.<\/p>\n","protected":false},"excerpt":{"rendered":"<p>Sac en intiss\u00e9 lamin\u00e9 de 110g\/m2. Corps et poign\u00e9es en coloris blanc et soufflet disponibles dans une large gamme de couleurs vives et lumineuses. Avec anses renforc\u00e9es de 54 cm,&#8230;<\/p>\n","protected":false},"featured_media":24514,"template":"","meta":[],"product_cat":[363],"product_tag":[],"class_list":{"0":"post-24515","1":"product","2":"type-product","3":"status-publish","4":"has-post-thumbnail","6":"product_cat-sacs-et-bagages","8":"first","9":"instock","10":"shipping-taxable","11":"purchasable","12":"product-type-simple"},"_links":{"self":[{"href":"https:\/\/www.hapy-com.fr\/echoppe\/wp-json\/wp\/v2\/product\/24515","targetHints":{"allow":["GET"]}}],"collection":[{"href":"https:\/\/www.hapy-com.fr\/echoppe\/wp-json\/wp\/v2\/product"}],"about":[{"href":"https:\/\/www.hapy-com.fr\/echoppe\/wp-json\/wp\/v2\/types\/product"}],"wp:featuredmedia":[{"embeddable":true,"href":"https:\/\/www.hapy-com.fr\/echoppe\/wp-json\/wp\/v2\/media\/24514"}],"wp:attachment":[{"href":"https:\/\/www.hapy-com.fr\/echoppe\/wp-json\/wp\/v2\/media?parent=24515"}],"wp:term":[{"taxonomy":"product_cat","embeddable":true,"href":"https:\/\/www.hapy-com.fr\/echoppe\/wp-json\/wp\/v2\/product_cat?post=24515"},{"taxonomy":"product_tag","embeddable":true,"href":"https:\/\/www.hapy-com.fr\/echoppe\/wp-json\/wp\/v2\/product_tag?post=24515"}],"curies":[{"name":"wp","href":"https:\/\/api.w.org\/{rel}","templated":true}]}}