{"id":24591,"date":"2022-06-24T14:19:46","date_gmt":"2022-06-24T12:19:46","guid":{"rendered":"http:\/\/www.hapy-com.fr\/echoppe\/product\/sac-karean-6\/"},"modified":"2022-06-24T14:19:46","modified_gmt":"2022-06-24T12:19:46","slug":"sac-karean-6","status":"publish","type":"product","link":"https:\/\/www.hapy-com.fr\/echoppe\/product\/sac-karean-6\/","title":{"rendered":"Sac Karean"},"content":{"rendered":"<p>Sac en intiss\u00e9 de 80g\/m2 dans une vari\u00e9t\u00e9 de couleurs vives. Avec de longues anses de 75 cm de long, soufflet renforc\u00e9 avec passepoil assorti. Finition cousue. R\u00e9sistance jusqu\u00b4\u00e0 5 kg.<\/p>\n","protected":false},"excerpt":{"rendered":"<p>Sac en intiss\u00e9 de 80g\/m2 dans une vari\u00e9t\u00e9 de couleurs vives. Avec de longues anses de 75 cm de long, soufflet renforc\u00e9 avec passepoil assorti. Finition cousue. R\u00e9sistance jusqu\u00b4\u00e0 5&#8230;<\/p>\n","protected":false},"featured_media":24590,"template":"","meta":[],"product_cat":[363],"product_tag":[],"class_list":{"0":"post-24591","1":"product","2":"type-product","3":"status-publish","4":"has-post-thumbnail","6":"product_cat-sacs-et-bagages","8":"first","9":"instock","10":"shipping-taxable","11":"purchasable","12":"product-type-simple"},"_links":{"self":[{"href":"https:\/\/www.hapy-com.fr\/echoppe\/wp-json\/wp\/v2\/product\/24591","targetHints":{"allow":["GET"]}}],"collection":[{"href":"https:\/\/www.hapy-com.fr\/echoppe\/wp-json\/wp\/v2\/product"}],"about":[{"href":"https:\/\/www.hapy-com.fr\/echoppe\/wp-json\/wp\/v2\/types\/product"}],"wp:featuredmedia":[{"embeddable":true,"href":"https:\/\/www.hapy-com.fr\/echoppe\/wp-json\/wp\/v2\/media\/24590"}],"wp:attachment":[{"href":"https:\/\/www.hapy-com.fr\/echoppe\/wp-json\/wp\/v2\/media?parent=24591"}],"wp:term":[{"taxonomy":"product_cat","embeddable":true,"href":"https:\/\/www.hapy-com.fr\/echoppe\/wp-json\/wp\/v2\/product_cat?post=24591"},{"taxonomy":"product_tag","embeddable":true,"href":"https:\/\/www.hapy-com.fr\/echoppe\/wp-json\/wp\/v2\/product_tag?post=24591"}],"curies":[{"name":"wp","href":"https:\/\/api.w.org\/{rel}","templated":true}]}}