{"id":24631,"date":"2022-06-24T14:20:22","date_gmt":"2022-06-24T12:20:22","guid":{"rendered":"http:\/\/www.hapy-com.fr\/echoppe\/product\/sac-fimel-6\/"},"modified":"2022-06-24T14:20:22","modified_gmt":"2022-06-24T12:20:22","slug":"sac-fimel-6","status":"publish","type":"product","link":"https:\/\/www.hapy-com.fr\/echoppe\/product\/sac-fimel-6\/","title":{"rendered":"Sac Fimel"},"content":{"rendered":"<p>Sac tr\u00e8s r\u00e9sistant en stratifi\u00e9 non tiss\u00e9 de 110g \/ m2, dans une gamme vari\u00e9e de couleurs vives et lumineuses. Avec poign\u00e9es courtes de 35cm, soufflet et finition thermoscell\u00e9e. R\u00e9sistance jusqu\u00b4\u00e0 15 kg.<\/p>\n","protected":false},"excerpt":{"rendered":"<p>Sac tr\u00e8s r\u00e9sistant en stratifi\u00e9 non tiss\u00e9 de 110g \/ m2, dans une gamme vari\u00e9e de couleurs vives et lumineuses. Avec poign\u00e9es courtes de 35cm, soufflet et finition thermoscell\u00e9e. R\u00e9sistance&#8230;<\/p>\n","protected":false},"featured_media":24630,"template":"","meta":[],"product_cat":[363],"product_tag":[],"class_list":{"0":"post-24631","1":"product","2":"type-product","3":"status-publish","4":"has-post-thumbnail","6":"product_cat-sacs-et-bagages","8":"first","9":"instock","10":"shipping-taxable","11":"purchasable","12":"product-type-simple"},"_links":{"self":[{"href":"https:\/\/www.hapy-com.fr\/echoppe\/wp-json\/wp\/v2\/product\/24631","targetHints":{"allow":["GET"]}}],"collection":[{"href":"https:\/\/www.hapy-com.fr\/echoppe\/wp-json\/wp\/v2\/product"}],"about":[{"href":"https:\/\/www.hapy-com.fr\/echoppe\/wp-json\/wp\/v2\/types\/product"}],"wp:featuredmedia":[{"embeddable":true,"href":"https:\/\/www.hapy-com.fr\/echoppe\/wp-json\/wp\/v2\/media\/24630"}],"wp:attachment":[{"href":"https:\/\/www.hapy-com.fr\/echoppe\/wp-json\/wp\/v2\/media?parent=24631"}],"wp:term":[{"taxonomy":"product_cat","embeddable":true,"href":"https:\/\/www.hapy-com.fr\/echoppe\/wp-json\/wp\/v2\/product_cat?post=24631"},{"taxonomy":"product_tag","embeddable":true,"href":"https:\/\/www.hapy-com.fr\/echoppe\/wp-json\/wp\/v2\/product_tag?post=24631"}],"curies":[{"name":"wp","href":"https:\/\/api.w.org\/{rel}","templated":true}]}}