{"id":24669,"date":"2022-06-24T14:20:59","date_gmt":"2022-06-24T12:20:59","guid":{"rendered":"http:\/\/www.hapy-com.fr\/echoppe\/product\/sac-nauska\/"},"modified":"2022-06-24T14:20:59","modified_gmt":"2022-06-24T12:20:59","slug":"sac-nauska","status":"publish","type":"product","link":"https:\/\/www.hapy-com.fr\/echoppe\/product\/sac-nauska\/","title":{"rendered":"Sac Nauska"},"content":{"rendered":"<p>Sac en papier 100 g\/m2 avec soufflet et poign\u00e9es courtes renforc\u00e9es. Finition naturel. R\u00e9sistance jusqu\u00b4\u00e0 7 kg.<\/p>\n","protected":false},"excerpt":{"rendered":"<p>Sac en papier 100 g\/m2 avec soufflet et poign\u00e9es courtes renforc\u00e9es. Finition naturel. R\u00e9sistance jusqu\u00b4\u00e0 7 kg.<\/p>\n","protected":false},"featured_media":24667,"template":"","meta":[],"product_cat":[363],"product_tag":[],"class_list":{"0":"post-24669","1":"product","2":"type-product","3":"status-publish","4":"has-post-thumbnail","6":"product_cat-sacs-et-bagages","8":"first","9":"instock","10":"shipping-taxable","11":"purchasable","12":"product-type-simple"},"_links":{"self":[{"href":"https:\/\/www.hapy-com.fr\/echoppe\/wp-json\/wp\/v2\/product\/24669","targetHints":{"allow":["GET"]}}],"collection":[{"href":"https:\/\/www.hapy-com.fr\/echoppe\/wp-json\/wp\/v2\/product"}],"about":[{"href":"https:\/\/www.hapy-com.fr\/echoppe\/wp-json\/wp\/v2\/types\/product"}],"wp:featuredmedia":[{"embeddable":true,"href":"https:\/\/www.hapy-com.fr\/echoppe\/wp-json\/wp\/v2\/media\/24667"}],"wp:attachment":[{"href":"https:\/\/www.hapy-com.fr\/echoppe\/wp-json\/wp\/v2\/media?parent=24669"}],"wp:term":[{"taxonomy":"product_cat","embeddable":true,"href":"https:\/\/www.hapy-com.fr\/echoppe\/wp-json\/wp\/v2\/product_cat?post=24669"},{"taxonomy":"product_tag","embeddable":true,"href":"https:\/\/www.hapy-com.fr\/echoppe\/wp-json\/wp\/v2\/product_tag?post=24669"}],"curies":[{"name":"wp","href":"https:\/\/api.w.org\/{rel}","templated":true}]}}