{"id":24680,"date":"2022-06-24T14:21:11","date_gmt":"2022-06-24T12:21:11","guid":{"rendered":"http:\/\/www.hapy-com.fr\/echoppe\/product\/sac-daryan-2\/"},"modified":"2022-06-24T14:21:11","modified_gmt":"2022-06-24T12:21:11","slug":"sac-daryan-2","status":"publish","type":"product","link":"https:\/\/www.hapy-com.fr\/echoppe\/product\/sac-daryan-2\/","title":{"rendered":"Sac Daryan"},"content":{"rendered":"<p>Sac bicolore en polyester 600D r\u00e9sistant propos\u00e9 en tons vifs. Avec poche ext\u00e9rieure en filet, anses longues, passe-fil pour \u00e9couteurs et soufflet. R\u00e9sistance jusqu\u00b4\u00e0 7 kg.<\/p>\n","protected":false},"excerpt":{"rendered":"<p>Sac bicolore en polyester 600D r\u00e9sistant propos\u00e9 en tons vifs. Avec poche ext\u00e9rieure en filet, anses longues, passe-fil pour \u00e9couteurs et soufflet. R\u00e9sistance jusqu\u00b4\u00e0 7 kg.<\/p>\n","protected":false},"featured_media":24679,"template":"","meta":[],"product_cat":[363],"product_tag":[],"class_list":{"0":"post-24680","1":"product","2":"type-product","3":"status-publish","4":"has-post-thumbnail","6":"product_cat-sacs-et-bagages","8":"first","9":"instock","10":"shipping-taxable","11":"purchasable","12":"product-type-simple"},"_links":{"self":[{"href":"https:\/\/www.hapy-com.fr\/echoppe\/wp-json\/wp\/v2\/product\/24680","targetHints":{"allow":["GET"]}}],"collection":[{"href":"https:\/\/www.hapy-com.fr\/echoppe\/wp-json\/wp\/v2\/product"}],"about":[{"href":"https:\/\/www.hapy-com.fr\/echoppe\/wp-json\/wp\/v2\/types\/product"}],"wp:featuredmedia":[{"embeddable":true,"href":"https:\/\/www.hapy-com.fr\/echoppe\/wp-json\/wp\/v2\/media\/24679"}],"wp:attachment":[{"href":"https:\/\/www.hapy-com.fr\/echoppe\/wp-json\/wp\/v2\/media?parent=24680"}],"wp:term":[{"taxonomy":"product_cat","embeddable":true,"href":"https:\/\/www.hapy-com.fr\/echoppe\/wp-json\/wp\/v2\/product_cat?post=24680"},{"taxonomy":"product_tag","embeddable":true,"href":"https:\/\/www.hapy-com.fr\/echoppe\/wp-json\/wp\/v2\/product_tag?post=24680"}],"curies":[{"name":"wp","href":"https:\/\/api.w.org\/{rel}","templated":true}]}}