{"id":24696,"date":"2022-06-24T14:21:25","date_gmt":"2022-06-24T12:21:25","guid":{"rendered":"http:\/\/www.hapy-com.fr\/echoppe\/product\/sac-rostar-5\/"},"modified":"2022-06-24T14:21:25","modified_gmt":"2022-06-24T12:21:25","slug":"sac-rostar-5","status":"publish","type":"product","link":"https:\/\/www.hapy-com.fr\/echoppe\/product\/sac-rostar-5\/","title":{"rendered":"Sac Rostar"},"content":{"rendered":"<p>Sac en intiss\u00e9 de 80g\/m2 blanc avec anses en couleurs vives vari\u00e9es. Anses longues renforc\u00e9es avec logo Eco et finition thermosoud\u00e9e. R\u00e9sistance au poids jusqu\u00b4\u00e0 8 kg.<\/p>\n","protected":false},"excerpt":{"rendered":"<p>Sac en intiss\u00e9 de 80g\/m2 blanc avec anses en couleurs vives vari\u00e9es. Anses longues renforc\u00e9es avec logo Eco et finition thermosoud\u00e9e. R\u00e9sistance au poids jusqu\u00b4\u00e0 8 kg.<\/p>\n","protected":false},"featured_media":24688,"template":"","meta":[],"product_cat":[363],"product_tag":[],"class_list":{"0":"post-24696","1":"product","2":"type-product","3":"status-publish","4":"has-post-thumbnail","6":"product_cat-sacs-et-bagages","8":"first","9":"instock","10":"shipping-taxable","11":"purchasable","12":"product-type-simple"},"_links":{"self":[{"href":"https:\/\/www.hapy-com.fr\/echoppe\/wp-json\/wp\/v2\/product\/24696","targetHints":{"allow":["GET"]}}],"collection":[{"href":"https:\/\/www.hapy-com.fr\/echoppe\/wp-json\/wp\/v2\/product"}],"about":[{"href":"https:\/\/www.hapy-com.fr\/echoppe\/wp-json\/wp\/v2\/types\/product"}],"wp:featuredmedia":[{"embeddable":true,"href":"https:\/\/www.hapy-com.fr\/echoppe\/wp-json\/wp\/v2\/media\/24688"}],"wp:attachment":[{"href":"https:\/\/www.hapy-com.fr\/echoppe\/wp-json\/wp\/v2\/media?parent=24696"}],"wp:term":[{"taxonomy":"product_cat","embeddable":true,"href":"https:\/\/www.hapy-com.fr\/echoppe\/wp-json\/wp\/v2\/product_cat?post=24696"},{"taxonomy":"product_tag","embeddable":true,"href":"https:\/\/www.hapy-com.fr\/echoppe\/wp-json\/wp\/v2\/product_tag?post=24696"}],"curies":[{"name":"wp","href":"https:\/\/api.w.org\/{rel}","templated":true}]}}