{"id":24706,"date":"2022-06-24T14:21:34","date_gmt":"2022-06-24T12:21:34","guid":{"rendered":"http:\/\/www.hapy-com.fr\/echoppe\/product\/sac-solux\/"},"modified":"2022-06-24T14:21:34","modified_gmt":"2022-06-24T12:21:34","slug":"sac-solux","status":"publish","type":"product","link":"https:\/\/www.hapy-com.fr\/echoppe\/product\/sac-solux\/","title":{"rendered":"Sac Solux"},"content":{"rendered":"<p>Sac en toile de jute avec anses courtes renforc\u00e9es en coton blanc. Avec soufflet et liser\u00e9 coton cousu sur les bords. R\u00e9sistance jusqu\u00b4\u00e0 10 kg.<\/p>\n","protected":false},"excerpt":{"rendered":"<p>Sac en toile de jute avec anses courtes renforc\u00e9es en coton blanc. Avec soufflet et liser\u00e9 coton cousu sur les bords. R\u00e9sistance jusqu\u00b4\u00e0 10 kg.<\/p>\n","protected":false},"featured_media":24705,"template":"","meta":[],"product_cat":[363],"product_tag":[],"class_list":{"0":"post-24706","1":"product","2":"type-product","3":"status-publish","4":"has-post-thumbnail","6":"product_cat-sacs-et-bagages","8":"first","9":"instock","10":"shipping-taxable","11":"purchasable","12":"product-type-simple"},"_links":{"self":[{"href":"https:\/\/www.hapy-com.fr\/echoppe\/wp-json\/wp\/v2\/product\/24706","targetHints":{"allow":["GET"]}}],"collection":[{"href":"https:\/\/www.hapy-com.fr\/echoppe\/wp-json\/wp\/v2\/product"}],"about":[{"href":"https:\/\/www.hapy-com.fr\/echoppe\/wp-json\/wp\/v2\/types\/product"}],"wp:featuredmedia":[{"embeddable":true,"href":"https:\/\/www.hapy-com.fr\/echoppe\/wp-json\/wp\/v2\/media\/24705"}],"wp:attachment":[{"href":"https:\/\/www.hapy-com.fr\/echoppe\/wp-json\/wp\/v2\/media?parent=24706"}],"wp:term":[{"taxonomy":"product_cat","embeddable":true,"href":"https:\/\/www.hapy-com.fr\/echoppe\/wp-json\/wp\/v2\/product_cat?post=24706"},{"taxonomy":"product_tag","embeddable":true,"href":"https:\/\/www.hapy-com.fr\/echoppe\/wp-json\/wp\/v2\/product_tag?post=24706"}],"curies":[{"name":"wp","href":"https:\/\/api.w.org\/{rel}","templated":true}]}}