{"id":24727,"date":"2022-06-24T14:21:55","date_gmt":"2022-06-24T12:21:55","guid":{"rendered":"http:\/\/www.hapy-com.fr\/echoppe\/product\/sac-tarlam\/"},"modified":"2022-06-24T14:21:55","modified_gmt":"2022-06-24T12:21:55","slug":"sac-tarlam","status":"publish","type":"product","link":"https:\/\/www.hapy-com.fr\/echoppe\/product\/sac-tarlam\/","title":{"rendered":"Sac Tarlam"},"content":{"rendered":"<p>Sac shopping en mati\u00e8res naturelles de coton et de li\u00e8ge. Anses longues, finition cousue. R\u00e9sistance jusqu\u2019\u00e0 8 kg.<\/p>\n","protected":false},"excerpt":{"rendered":"<p>Sac shopping en mati\u00e8res naturelles de coton et de li\u00e8ge. Anses longues, finition cousue. R\u00e9sistance jusqu\u2019\u00e0 8 kg.<\/p>\n","protected":false},"featured_media":24726,"template":"","meta":[],"product_cat":[363],"product_tag":[],"class_list":{"0":"post-24727","1":"product","2":"type-product","3":"status-publish","4":"has-post-thumbnail","6":"product_cat-sacs-et-bagages","8":"first","9":"instock","10":"shipping-taxable","11":"purchasable","12":"product-type-simple"},"_links":{"self":[{"href":"https:\/\/www.hapy-com.fr\/echoppe\/wp-json\/wp\/v2\/product\/24727","targetHints":{"allow":["GET"]}}],"collection":[{"href":"https:\/\/www.hapy-com.fr\/echoppe\/wp-json\/wp\/v2\/product"}],"about":[{"href":"https:\/\/www.hapy-com.fr\/echoppe\/wp-json\/wp\/v2\/types\/product"}],"wp:featuredmedia":[{"embeddable":true,"href":"https:\/\/www.hapy-com.fr\/echoppe\/wp-json\/wp\/v2\/media\/24726"}],"wp:attachment":[{"href":"https:\/\/www.hapy-com.fr\/echoppe\/wp-json\/wp\/v2\/media?parent=24727"}],"wp:term":[{"taxonomy":"product_cat","embeddable":true,"href":"https:\/\/www.hapy-com.fr\/echoppe\/wp-json\/wp\/v2\/product_cat?post=24727"},{"taxonomy":"product_tag","embeddable":true,"href":"https:\/\/www.hapy-com.fr\/echoppe\/wp-json\/wp\/v2\/product_tag?post=24727"}],"curies":[{"name":"wp","href":"https:\/\/api.w.org\/{rel}","templated":true}]}}