{"id":24729,"date":"2022-06-24T14:21:57","date_gmt":"2022-06-24T12:21:57","guid":{"rendered":"http:\/\/www.hapy-com.fr\/echoppe\/product\/sac-poznan\/"},"modified":"2022-06-24T14:21:57","modified_gmt":"2022-06-24T12:21:57","slug":"sac-poznan","status":"publish","type":"product","link":"https:\/\/www.hapy-com.fr\/echoppe\/product\/sac-poznan\/","title":{"rendered":"Sac Poznan"},"content":{"rendered":"<p>Sac en intiss\u00e9 lamin\u00e9 finition m\u00e9tallique. Disponible en couleurs or, argent et or rose. Anses renforc\u00e9es de 42 cm de long. Finition thermosoud\u00e9e, avec soufflet et liser\u00e9s renforc\u00e9s. R\u00e9sistance au poids jusqu\u00b4\u00e0 7 kg.<\/p>\n","protected":false},"excerpt":{"rendered":"<p>Sac en intiss\u00e9 lamin\u00e9 finition m\u00e9tallique. Disponible en couleurs or, argent et or rose. Anses renforc\u00e9es de 42 cm de long. Finition thermosoud\u00e9e, avec soufflet et liser\u00e9s renforc\u00e9s. R\u00e9sistance au&#8230;<\/p>\n","protected":false},"featured_media":24728,"template":"","meta":[],"product_cat":[363],"product_tag":[],"class_list":{"0":"post-24729","1":"product","2":"type-product","3":"status-publish","4":"has-post-thumbnail","6":"product_cat-sacs-et-bagages","8":"first","9":"instock","10":"shipping-taxable","11":"purchasable","12":"product-type-simple"},"_links":{"self":[{"href":"https:\/\/www.hapy-com.fr\/echoppe\/wp-json\/wp\/v2\/product\/24729","targetHints":{"allow":["GET"]}}],"collection":[{"href":"https:\/\/www.hapy-com.fr\/echoppe\/wp-json\/wp\/v2\/product"}],"about":[{"href":"https:\/\/www.hapy-com.fr\/echoppe\/wp-json\/wp\/v2\/types\/product"}],"wp:featuredmedia":[{"embeddable":true,"href":"https:\/\/www.hapy-com.fr\/echoppe\/wp-json\/wp\/v2\/media\/24728"}],"wp:attachment":[{"href":"https:\/\/www.hapy-com.fr\/echoppe\/wp-json\/wp\/v2\/media?parent=24729"}],"wp:term":[{"taxonomy":"product_cat","embeddable":true,"href":"https:\/\/www.hapy-com.fr\/echoppe\/wp-json\/wp\/v2\/product_cat?post=24729"},{"taxonomy":"product_tag","embeddable":true,"href":"https:\/\/www.hapy-com.fr\/echoppe\/wp-json\/wp\/v2\/product_tag?post=24729"}],"curies":[{"name":"wp","href":"https:\/\/api.w.org\/{rel}","templated":true}]}}