{"id":24746,"date":"2022-06-24T14:22:11","date_gmt":"2022-06-24T12:22:11","guid":{"rendered":"http:\/\/www.hapy-com.fr\/echoppe\/product\/sac-turkal-3\/"},"modified":"2022-06-24T14:22:11","modified_gmt":"2022-06-24T12:22:11","slug":"sac-turkal-3","status":"publish","type":"product","link":"https:\/\/www.hapy-com.fr\/echoppe\/product\/sac-turkal-3\/","title":{"rendered":"Sac Turkal"},"content":{"rendered":"<p>Sac en coton de 140 g \/ m2. Disponible dans une large gamme de couleurs, avec des poign\u00e9es renforc\u00e9es de 70 cm de long. R\u00e9sistance jusqu\u00b4\u00e0 10 kg de poids.<\/p>\n","protected":false},"excerpt":{"rendered":"<p>Sac en coton de 140 g \/ m2. Disponible dans une large gamme de couleurs, avec des poign\u00e9es renforc\u00e9es de 70 cm de long. R\u00e9sistance jusqu\u00b4\u00e0 10 kg de poids.<\/p>\n","protected":false},"featured_media":24745,"template":"","meta":[],"product_cat":[363],"product_tag":[],"class_list":{"0":"post-24746","1":"product","2":"type-product","3":"status-publish","4":"has-post-thumbnail","6":"product_cat-sacs-et-bagages","8":"first","9":"instock","10":"shipping-taxable","11":"purchasable","12":"product-type-simple"},"_links":{"self":[{"href":"https:\/\/www.hapy-com.fr\/echoppe\/wp-json\/wp\/v2\/product\/24746","targetHints":{"allow":["GET"]}}],"collection":[{"href":"https:\/\/www.hapy-com.fr\/echoppe\/wp-json\/wp\/v2\/product"}],"about":[{"href":"https:\/\/www.hapy-com.fr\/echoppe\/wp-json\/wp\/v2\/types\/product"}],"wp:featuredmedia":[{"embeddable":true,"href":"https:\/\/www.hapy-com.fr\/echoppe\/wp-json\/wp\/v2\/media\/24745"}],"wp:attachment":[{"href":"https:\/\/www.hapy-com.fr\/echoppe\/wp-json\/wp\/v2\/media?parent=24746"}],"wp:term":[{"taxonomy":"product_cat","embeddable":true,"href":"https:\/\/www.hapy-com.fr\/echoppe\/wp-json\/wp\/v2\/product_cat?post=24746"},{"taxonomy":"product_tag","embeddable":true,"href":"https:\/\/www.hapy-com.fr\/echoppe\/wp-json\/wp\/v2\/product_tag?post=24746"}],"curies":[{"name":"wp","href":"https:\/\/api.w.org\/{rel}","templated":true}]}}