{"id":24790,"date":"2022-06-24T14:22:49","date_gmt":"2022-06-24T12:22:49","guid":{"rendered":"http:\/\/www.hapy-com.fr\/echoppe\/product\/sac-frilend-2\/"},"modified":"2022-06-24T14:22:49","modified_gmt":"2022-06-24T12:22:49","slug":"sac-frilend-2","status":"publish","type":"product","link":"https:\/\/www.hapy-com.fr\/echoppe\/product\/sac-frilend-2\/","title":{"rendered":"Sac Frilend"},"content":{"rendered":"<p>Sac de la ligne Nature en RPET, \u00e9laborer \u00e0 partir de plastique recycl\u00e9, pour encourager la r\u00e9utilisation de d\u00e9chet plastique. Lamin\u00e9 100 g\/m2 finition mat. Anse large et couture renforc\u00e9. R\u00e9siste jusqu \u00e0 5 kg. Disponible dans une large gamme de couleurs, avec l \u00e9tiquette RPET.<\/p>\n","protected":false},"excerpt":{"rendered":"<p>Sac de la ligne Nature en RPET, \u00e9laborer \u00e0 partir de plastique recycl\u00e9, pour encourager la r\u00e9utilisation de d\u00e9chet plastique. Lamin\u00e9 100 g\/m2 finition mat. Anse large et couture renforc\u00e9&#8230;.<\/p>\n","protected":false},"featured_media":24789,"template":"","meta":[],"product_cat":[363],"product_tag":[],"class_list":{"0":"post-24790","1":"product","2":"type-product","3":"status-publish","4":"has-post-thumbnail","6":"product_cat-sacs-et-bagages","8":"first","9":"instock","10":"shipping-taxable","11":"purchasable","12":"product-type-simple"},"_links":{"self":[{"href":"https:\/\/www.hapy-com.fr\/echoppe\/wp-json\/wp\/v2\/product\/24790","targetHints":{"allow":["GET"]}}],"collection":[{"href":"https:\/\/www.hapy-com.fr\/echoppe\/wp-json\/wp\/v2\/product"}],"about":[{"href":"https:\/\/www.hapy-com.fr\/echoppe\/wp-json\/wp\/v2\/types\/product"}],"wp:featuredmedia":[{"embeddable":true,"href":"https:\/\/www.hapy-com.fr\/echoppe\/wp-json\/wp\/v2\/media\/24789"}],"wp:attachment":[{"href":"https:\/\/www.hapy-com.fr\/echoppe\/wp-json\/wp\/v2\/media?parent=24790"}],"wp:term":[{"taxonomy":"product_cat","embeddable":true,"href":"https:\/\/www.hapy-com.fr\/echoppe\/wp-json\/wp\/v2\/product_cat?post=24790"},{"taxonomy":"product_tag","embeddable":true,"href":"https:\/\/www.hapy-com.fr\/echoppe\/wp-json\/wp\/v2\/product_tag?post=24790"}],"curies":[{"name":"wp","href":"https:\/\/api.w.org\/{rel}","templated":true}]}}