{"id":24809,"date":"2022-06-24T14:23:05","date_gmt":"2022-06-24T12:23:05","guid":{"rendered":"http:\/\/www.hapy-com.fr\/echoppe\/product\/sac-kaiso-3\/"},"modified":"2022-06-24T14:23:05","modified_gmt":"2022-06-24T12:23:05","slug":"sac-kaiso-3","status":"publish","type":"product","link":"https:\/\/www.hapy-com.fr\/echoppe\/product\/sac-kaiso-3\/","title":{"rendered":"Sac Kaiso"},"content":{"rendered":"<p>Sac en RPET de la gamme Nature. Plastique recycl\u00e9 pour encourager la r\u00e9utilisation des d\u00e9chets plastique et contribuer \u00e0 la sauvegarde de la plan\u00e8te. En mat\u00e9riau lamin\u00e9 de 100g \/m2, finition mat. Poign\u00e9es de taille moyenne. Coutures et base du sac renforc\u00e9es. R\u00e9sistance jusqu\u00b4\u00e0 5kg. Disponible dans une large gamme de couleurs, avec l \u00e9tiquette RPET.<\/p>\n","protected":false},"excerpt":{"rendered":"<p>Sac en RPET de la gamme Nature. Plastique recycl\u00e9 pour encourager la r\u00e9utilisation des d\u00e9chets plastique et contribuer \u00e0 la sauvegarde de la plan\u00e8te. En mat\u00e9riau lamin\u00e9 de 100g \/m2,&#8230;<\/p>\n","protected":false},"featured_media":24808,"template":"","meta":[],"product_cat":[363],"product_tag":[],"class_list":{"0":"post-24809","1":"product","2":"type-product","3":"status-publish","4":"has-post-thumbnail","6":"product_cat-sacs-et-bagages","8":"first","9":"instock","10":"shipping-taxable","11":"purchasable","12":"product-type-simple"},"_links":{"self":[{"href":"https:\/\/www.hapy-com.fr\/echoppe\/wp-json\/wp\/v2\/product\/24809","targetHints":{"allow":["GET"]}}],"collection":[{"href":"https:\/\/www.hapy-com.fr\/echoppe\/wp-json\/wp\/v2\/product"}],"about":[{"href":"https:\/\/www.hapy-com.fr\/echoppe\/wp-json\/wp\/v2\/types\/product"}],"wp:featuredmedia":[{"embeddable":true,"href":"https:\/\/www.hapy-com.fr\/echoppe\/wp-json\/wp\/v2\/media\/24808"}],"wp:attachment":[{"href":"https:\/\/www.hapy-com.fr\/echoppe\/wp-json\/wp\/v2\/media?parent=24809"}],"wp:term":[{"taxonomy":"product_cat","embeddable":true,"href":"https:\/\/www.hapy-com.fr\/echoppe\/wp-json\/wp\/v2\/product_cat?post=24809"},{"taxonomy":"product_tag","embeddable":true,"href":"https:\/\/www.hapy-com.fr\/echoppe\/wp-json\/wp\/v2\/product_tag?post=24809"}],"curies":[{"name":"wp","href":"https:\/\/api.w.org\/{rel}","templated":true}]}}