{"id":24822,"date":"2022-06-24T14:23:15","date_gmt":"2022-06-24T12:23:15","guid":{"rendered":"http:\/\/www.hapy-com.fr\/echoppe\/product\/sac-bitalex\/"},"modified":"2022-06-24T14:23:15","modified_gmt":"2022-06-24T12:23:15","slug":"sac-bitalex","status":"publish","type":"product","link":"https:\/\/www.hapy-com.fr\/echoppe\/product\/sac-bitalex\/","title":{"rendered":"Sac Bitalex"},"content":{"rendered":"<p>Sac en jute et coton. Taille 48 x 35 + 15 cm, avec finition cousue et longues poign\u00e9es renforc\u00e9es de 90 cm de long en coton. R\u00e9sistance jusqu\u00b4\u00e0 un poids de 9 kg.<\/p>\n","protected":false},"excerpt":{"rendered":"<p>Sac en jute et coton. Taille 48 x 35 + 15 cm, avec finition cousue et longues poign\u00e9es renforc\u00e9es de 90 cm de long en coton. R\u00e9sistance jusqu\u00b4\u00e0 un poids&#8230;<\/p>\n","protected":false},"featured_media":24821,"template":"","meta":[],"product_cat":[363],"product_tag":[],"class_list":{"0":"post-24822","1":"product","2":"type-product","3":"status-publish","4":"has-post-thumbnail","6":"product_cat-sacs-et-bagages","8":"first","9":"instock","10":"shipping-taxable","11":"purchasable","12":"product-type-simple"},"_links":{"self":[{"href":"https:\/\/www.hapy-com.fr\/echoppe\/wp-json\/wp\/v2\/product\/24822","targetHints":{"allow":["GET"]}}],"collection":[{"href":"https:\/\/www.hapy-com.fr\/echoppe\/wp-json\/wp\/v2\/product"}],"about":[{"href":"https:\/\/www.hapy-com.fr\/echoppe\/wp-json\/wp\/v2\/types\/product"}],"wp:featuredmedia":[{"embeddable":true,"href":"https:\/\/www.hapy-com.fr\/echoppe\/wp-json\/wp\/v2\/media\/24821"}],"wp:attachment":[{"href":"https:\/\/www.hapy-com.fr\/echoppe\/wp-json\/wp\/v2\/media?parent=24822"}],"wp:term":[{"taxonomy":"product_cat","embeddable":true,"href":"https:\/\/www.hapy-com.fr\/echoppe\/wp-json\/wp\/v2\/product_cat?post=24822"},{"taxonomy":"product_tag","embeddable":true,"href":"https:\/\/www.hapy-com.fr\/echoppe\/wp-json\/wp\/v2\/product_tag?post=24822"}],"curies":[{"name":"wp","href":"https:\/\/api.w.org\/{rel}","templated":true}]}}