{"id":24833,"date":"2022-06-24T14:23:26","date_gmt":"2022-06-24T12:23:26","guid":{"rendered":"http:\/\/www.hapy-com.fr\/echoppe\/product\/sac-graket-2\/"},"modified":"2022-06-24T14:23:26","modified_gmt":"2022-06-24T12:23:26","slug":"sac-graket-2","status":"publish","type":"product","link":"https:\/\/www.hapy-com.fr\/echoppe\/product\/sac-graket-2\/","title":{"rendered":"Sac Graket"},"content":{"rendered":"<p>Sac \/ Tote bag 100% coton recycl\u00e9 en 120 g\/m2. Longueur 70cm, poign\u00e9es renforc\u00e9es avec finition cousue. Se distingue par une \u00e9tiquette lat\u00e9rale et une r\u00e9sistance jusqu\u00b4\u00e0 8 kg de poids. Disponible dans une large gamme de couleurs de la ligne nature.<\/p>\n","protected":false},"excerpt":{"rendered":"<p>Sac \/ Tote bag 100% coton recycl\u00e9 en 120 g\/m2. Longueur 70cm, poign\u00e9es renforc\u00e9es avec finition cousue. Se distingue par une \u00e9tiquette lat\u00e9rale et une r\u00e9sistance jusqu\u00b4\u00e0 8 kg de&#8230;<\/p>\n","protected":false},"featured_media":24832,"template":"","meta":[],"product_cat":[363],"product_tag":[],"class_list":{"0":"post-24833","1":"product","2":"type-product","3":"status-publish","4":"has-post-thumbnail","6":"product_cat-sacs-et-bagages","8":"first","9":"instock","10":"shipping-taxable","11":"purchasable","12":"product-type-simple"},"_links":{"self":[{"href":"https:\/\/www.hapy-com.fr\/echoppe\/wp-json\/wp\/v2\/product\/24833","targetHints":{"allow":["GET"]}}],"collection":[{"href":"https:\/\/www.hapy-com.fr\/echoppe\/wp-json\/wp\/v2\/product"}],"about":[{"href":"https:\/\/www.hapy-com.fr\/echoppe\/wp-json\/wp\/v2\/types\/product"}],"wp:featuredmedia":[{"embeddable":true,"href":"https:\/\/www.hapy-com.fr\/echoppe\/wp-json\/wp\/v2\/media\/24832"}],"wp:attachment":[{"href":"https:\/\/www.hapy-com.fr\/echoppe\/wp-json\/wp\/v2\/media?parent=24833"}],"wp:term":[{"taxonomy":"product_cat","embeddable":true,"href":"https:\/\/www.hapy-com.fr\/echoppe\/wp-json\/wp\/v2\/product_cat?post=24833"},{"taxonomy":"product_tag","embeddable":true,"href":"https:\/\/www.hapy-com.fr\/echoppe\/wp-json\/wp\/v2\/product_tag?post=24833"}],"curies":[{"name":"wp","href":"https:\/\/api.w.org\/{rel}","templated":true}]}}