{"id":24845,"date":"2022-06-24T14:23:34","date_gmt":"2022-06-24T12:23:34","guid":{"rendered":"http:\/\/www.hapy-com.fr\/echoppe\/product\/sac-naisa\/"},"modified":"2022-06-24T14:23:34","modified_gmt":"2022-06-24T12:23:34","slug":"sac-naisa","status":"publish","type":"product","link":"https:\/\/www.hapy-com.fr\/echoppe\/product\/sac-naisa\/","title":{"rendered":"Sac Naisa"},"content":{"rendered":"<p>Sac en Tyvek\u00ae mati\u00e8re agr\u00e9able au toucher et leg\u00e8re, 100% recyclable et fabriqu\u00e9 \u00e0 partir de fibres de poly\u00e9thyl\u00e8ne, tr\u00e8s r\u00e9sitant, sa flexibilit\u00e9, durable et d\u00b4impression facile . Avec de longues anses noires de 70 cm renforc\u00e9es, d\u00b4une r\u00e9sistance jusqu\u00b4\u00e0 7 kg . Etiquette sur le cot\u00e9 \u00e0 l\u00b4ext\u00e9rieur avec le logo Tyvek\u00ae.<\/p>\n","protected":false},"excerpt":{"rendered":"<p>Sac en Tyvek\u00ae mati\u00e8re agr\u00e9able au toucher et leg\u00e8re, 100% recyclable et fabriqu\u00e9 \u00e0 partir de fibres de poly\u00e9thyl\u00e8ne, tr\u00e8s r\u00e9sitant, sa flexibilit\u00e9, durable et d\u00b4impression facile . Avec de&#8230;<\/p>\n","protected":false},"featured_media":24842,"template":"","meta":[],"product_cat":[363],"product_tag":[],"class_list":{"0":"post-24845","1":"product","2":"type-product","3":"status-publish","4":"has-post-thumbnail","6":"product_cat-sacs-et-bagages","8":"first","9":"instock","10":"shipping-taxable","11":"purchasable","12":"product-type-simple"},"_links":{"self":[{"href":"https:\/\/www.hapy-com.fr\/echoppe\/wp-json\/wp\/v2\/product\/24845","targetHints":{"allow":["GET"]}}],"collection":[{"href":"https:\/\/www.hapy-com.fr\/echoppe\/wp-json\/wp\/v2\/product"}],"about":[{"href":"https:\/\/www.hapy-com.fr\/echoppe\/wp-json\/wp\/v2\/types\/product"}],"wp:featuredmedia":[{"embeddable":true,"href":"https:\/\/www.hapy-com.fr\/echoppe\/wp-json\/wp\/v2\/media\/24842"}],"wp:attachment":[{"href":"https:\/\/www.hapy-com.fr\/echoppe\/wp-json\/wp\/v2\/media?parent=24845"}],"wp:term":[{"taxonomy":"product_cat","embeddable":true,"href":"https:\/\/www.hapy-com.fr\/echoppe\/wp-json\/wp\/v2\/product_cat?post=24845"},{"taxonomy":"product_tag","embeddable":true,"href":"https:\/\/www.hapy-com.fr\/echoppe\/wp-json\/wp\/v2\/product_tag?post=24845"}],"curies":[{"name":"wp","href":"https:\/\/api.w.org\/{rel}","templated":true}]}}