{"id":24848,"date":"2022-06-24T14:23:37","date_gmt":"2022-06-24T12:23:37","guid":{"rendered":"http:\/\/www.hapy-com.fr\/echoppe\/product\/sac-nazzer\/"},"modified":"2022-06-24T14:23:37","modified_gmt":"2022-06-24T12:23:37","slug":"sac-nazzer","status":"publish","type":"product","link":"https:\/\/www.hapy-com.fr\/echoppe\/product\/sac-nazzer\/","title":{"rendered":"Sac Nazzer"},"content":{"rendered":"<p>Sac r\u00e9utilisable en non tiss\u00e9 80g \/ m2 couleur, inspiration \u00e9co, naturelle. Taille 36&#215;40 cm, finition thermoscell\u00e9e et poign\u00e9es renforc\u00e9es de 67 cm de long. R\u00e9sistance jusqu\u00b4\u00e0 6 kg de poids.<\/p>\n","protected":false},"excerpt":{"rendered":"<p>Sac r\u00e9utilisable en non tiss\u00e9 80g \/ m2 couleur, inspiration \u00e9co, naturelle. Taille 36&#215;40 cm, finition thermoscell\u00e9e et poign\u00e9es renforc\u00e9es de 67 cm de long. R\u00e9sistance jusqu\u00b4\u00e0 6 kg de&#8230;<\/p>\n","protected":false},"featured_media":24846,"template":"","meta":[],"product_cat":[363],"product_tag":[],"class_list":{"0":"post-24848","1":"product","2":"type-product","3":"status-publish","4":"has-post-thumbnail","6":"product_cat-sacs-et-bagages","8":"first","9":"instock","10":"shipping-taxable","11":"purchasable","12":"product-type-simple"},"_links":{"self":[{"href":"https:\/\/www.hapy-com.fr\/echoppe\/wp-json\/wp\/v2\/product\/24848","targetHints":{"allow":["GET"]}}],"collection":[{"href":"https:\/\/www.hapy-com.fr\/echoppe\/wp-json\/wp\/v2\/product"}],"about":[{"href":"https:\/\/www.hapy-com.fr\/echoppe\/wp-json\/wp\/v2\/types\/product"}],"wp:featuredmedia":[{"embeddable":true,"href":"https:\/\/www.hapy-com.fr\/echoppe\/wp-json\/wp\/v2\/media\/24846"}],"wp:attachment":[{"href":"https:\/\/www.hapy-com.fr\/echoppe\/wp-json\/wp\/v2\/media?parent=24848"}],"wp:term":[{"taxonomy":"product_cat","embeddable":true,"href":"https:\/\/www.hapy-com.fr\/echoppe\/wp-json\/wp\/v2\/product_cat?post=24848"},{"taxonomy":"product_tag","embeddable":true,"href":"https:\/\/www.hapy-com.fr\/echoppe\/wp-json\/wp\/v2\/product_tag?post=24848"}],"curies":[{"name":"wp","href":"https:\/\/api.w.org\/{rel}","templated":true}]}}