{"id":24854,"date":"2022-06-24T14:23:43","date_gmt":"2022-06-24T12:23:43","guid":{"rendered":"http:\/\/www.hapy-com.fr\/echoppe\/product\/sac-kinam\/"},"modified":"2022-06-24T14:23:43","modified_gmt":"2022-06-24T12:23:43","slug":"sac-kinam","status":"publish","type":"product","link":"https:\/\/www.hapy-com.fr\/echoppe\/product\/sac-kinam\/","title":{"rendered":"Sac Kinam"},"content":{"rendered":"<p>Sac r\u00e9utilisable non-tiss\u00e9 de 90g \/ m2 couleur, inspiration \u00e9co, naturelle. Taille 25&#215;31 + 11 cm de soufflet, avec une finition thermoscell\u00e9e et avec des poign\u00e9es courtes renforc\u00e9es de 27 cm. R\u00e9sistance au poids jusqu\u00b4\u00e0 7 kg.<\/p>\n","protected":false},"excerpt":{"rendered":"<p>Sac r\u00e9utilisable non-tiss\u00e9 de 90g \/ m2 couleur, inspiration \u00e9co, naturelle. Taille 25&#215;31 + 11 cm de soufflet, avec une finition thermoscell\u00e9e et avec des poign\u00e9es courtes renforc\u00e9es de 27&#8230;<\/p>\n","protected":false},"featured_media":24852,"template":"","meta":[],"product_cat":[363],"product_tag":[],"class_list":{"0":"post-24854","1":"product","2":"type-product","3":"status-publish","4":"has-post-thumbnail","6":"product_cat-sacs-et-bagages","8":"first","9":"instock","10":"shipping-taxable","11":"purchasable","12":"product-type-simple"},"_links":{"self":[{"href":"https:\/\/www.hapy-com.fr\/echoppe\/wp-json\/wp\/v2\/product\/24854","targetHints":{"allow":["GET"]}}],"collection":[{"href":"https:\/\/www.hapy-com.fr\/echoppe\/wp-json\/wp\/v2\/product"}],"about":[{"href":"https:\/\/www.hapy-com.fr\/echoppe\/wp-json\/wp\/v2\/types\/product"}],"wp:featuredmedia":[{"embeddable":true,"href":"https:\/\/www.hapy-com.fr\/echoppe\/wp-json\/wp\/v2\/media\/24852"}],"wp:attachment":[{"href":"https:\/\/www.hapy-com.fr\/echoppe\/wp-json\/wp\/v2\/media?parent=24854"}],"wp:term":[{"taxonomy":"product_cat","embeddable":true,"href":"https:\/\/www.hapy-com.fr\/echoppe\/wp-json\/wp\/v2\/product_cat?post=24854"},{"taxonomy":"product_tag","embeddable":true,"href":"https:\/\/www.hapy-com.fr\/echoppe\/wp-json\/wp\/v2\/product_tag?post=24854"}],"curies":[{"name":"wp","href":"https:\/\/api.w.org\/{rel}","templated":true}]}}