{"id":24857,"date":"2022-06-24T14:23:45","date_gmt":"2022-06-24T12:23:45","guid":{"rendered":"http:\/\/www.hapy-com.fr\/echoppe\/product\/sac-pliable-fesor\/"},"modified":"2022-06-24T14:23:45","modified_gmt":"2022-06-24T12:23:45","slug":"sac-pliable-fesor","status":"publish","type":"product","link":"https:\/\/www.hapy-com.fr\/echoppe\/product\/sac-pliable-fesor\/","title":{"rendered":"Sac Pliable Fesor"},"content":{"rendered":"<p>Sac r\u00e9utilisable et pliable non tiss\u00e9 80g \/ m2 couleur, inspiration \u00e9co, naturelle. Taille 38&#215;42 cm, finition thermoscell\u00e9e et avec poign\u00e9es moyennes renforc\u00e9es de 40 cm. Pochette avec fermeture \u00e0 bouton pour un transport pratique. Taille pli\u00e9e 18 x 11 cm. Capacit\u00e9 env. 7 L. R\u00e9sistance env. 7 Kg.<\/p>\n","protected":false},"excerpt":{"rendered":"<p>Sac r\u00e9utilisable et pliable non tiss\u00e9 80g \/ m2 couleur, inspiration \u00e9co, naturelle. Taille 38&#215;42 cm, finition thermoscell\u00e9e et avec poign\u00e9es moyennes renforc\u00e9es de 40 cm. Pochette avec fermeture \u00e0&#8230;<\/p>\n","protected":false},"featured_media":24855,"template":"","meta":[],"product_cat":[363],"product_tag":[],"class_list":{"0":"post-24857","1":"product","2":"type-product","3":"status-publish","4":"has-post-thumbnail","6":"product_cat-sacs-et-bagages","8":"first","9":"instock","10":"shipping-taxable","11":"purchasable","12":"product-type-simple"},"_links":{"self":[{"href":"https:\/\/www.hapy-com.fr\/echoppe\/wp-json\/wp\/v2\/product\/24857","targetHints":{"allow":["GET"]}}],"collection":[{"href":"https:\/\/www.hapy-com.fr\/echoppe\/wp-json\/wp\/v2\/product"}],"about":[{"href":"https:\/\/www.hapy-com.fr\/echoppe\/wp-json\/wp\/v2\/types\/product"}],"wp:featuredmedia":[{"embeddable":true,"href":"https:\/\/www.hapy-com.fr\/echoppe\/wp-json\/wp\/v2\/media\/24855"}],"wp:attachment":[{"href":"https:\/\/www.hapy-com.fr\/echoppe\/wp-json\/wp\/v2\/media?parent=24857"}],"wp:term":[{"taxonomy":"product_cat","embeddable":true,"href":"https:\/\/www.hapy-com.fr\/echoppe\/wp-json\/wp\/v2\/product_cat?post=24857"},{"taxonomy":"product_tag","embeddable":true,"href":"https:\/\/www.hapy-com.fr\/echoppe\/wp-json\/wp\/v2\/product_tag?post=24857"}],"curies":[{"name":"wp","href":"https:\/\/api.w.org\/{rel}","templated":true}]}}