{"id":24859,"date":"2022-06-24T14:23:47","date_gmt":"2022-06-24T12:23:47","guid":{"rendered":"http:\/\/www.hapy-com.fr\/echoppe\/product\/sac-moltux\/"},"modified":"2022-06-24T14:23:47","modified_gmt":"2022-06-24T12:23:47","slug":"sac-moltux","status":"publish","type":"product","link":"https:\/\/www.hapy-com.fr\/echoppe\/product\/sac-moltux\/","title":{"rendered":"Sac Moltux"},"content":{"rendered":"<p>Sac tote bag de la gamme \u00e9co-friendly, en PLA. Le PLA (acide polylactique) est fabriqu\u00e9 \u00e0 partir de ressources 100% naturelles telles que l\u2019amidon de ma\u00efs, le manioc ou la canne \u00e0 sucre, mati\u00e8res biod\u00e9gradable et, dans nos produits, devient 100% compostable \u00e0 la fin de son cycle de vie, sans la production de d\u00e9chets toxiques. En outre, sa polyvalence et ses textures diff\u00e9rentes permettent l\u2019\u00e9laboration de divers articles, des sacs aux gourdes, r\u00e9duisant consid\u00e9rablement l\u2019utilisation de l\u2019\u00e9nergie au cours de son processus de production. 100% compostable. Taille 36&#215;40 cm, avec une finition thermoscell\u00e9e et avec de longues poign\u00e9es renforc\u00e9es de 68 cm. R\u00e9sistance jusqu\u00b4\u00e0 6 kg de poids.<\/p>\n","protected":false},"excerpt":{"rendered":"<p>Sac tote bag de la gamme \u00e9co-friendly, en PLA. Le PLA (acide polylactique) est fabriqu\u00e9 \u00e0 partir de ressources 100% naturelles telles que l\u2019amidon de ma\u00efs, le manioc ou la&#8230;<\/p>\n","protected":false},"featured_media":24858,"template":"","meta":[],"product_cat":[363],"product_tag":[],"class_list":{"0":"post-24859","1":"product","2":"type-product","3":"status-publish","4":"has-post-thumbnail","6":"product_cat-sacs-et-bagages","8":"first","9":"instock","10":"shipping-taxable","11":"purchasable","12":"product-type-simple"},"_links":{"self":[{"href":"https:\/\/www.hapy-com.fr\/echoppe\/wp-json\/wp\/v2\/product\/24859","targetHints":{"allow":["GET"]}}],"collection":[{"href":"https:\/\/www.hapy-com.fr\/echoppe\/wp-json\/wp\/v2\/product"}],"about":[{"href":"https:\/\/www.hapy-com.fr\/echoppe\/wp-json\/wp\/v2\/types\/product"}],"wp:featuredmedia":[{"embeddable":true,"href":"https:\/\/www.hapy-com.fr\/echoppe\/wp-json\/wp\/v2\/media\/24858"}],"wp:attachment":[{"href":"https:\/\/www.hapy-com.fr\/echoppe\/wp-json\/wp\/v2\/media?parent=24859"}],"wp:term":[{"taxonomy":"product_cat","embeddable":true,"href":"https:\/\/www.hapy-com.fr\/echoppe\/wp-json\/wp\/v2\/product_cat?post=24859"},{"taxonomy":"product_tag","embeddable":true,"href":"https:\/\/www.hapy-com.fr\/echoppe\/wp-json\/wp\/v2\/product_tag?post=24859"}],"curies":[{"name":"wp","href":"https:\/\/api.w.org\/{rel}","templated":true}]}}