{"id":24863,"date":"2022-06-24T14:23:51","date_gmt":"2022-06-24T12:23:51","guid":{"rendered":"http:\/\/www.hapy-com.fr\/echoppe\/product\/sac-trobax\/"},"modified":"2022-06-24T14:23:51","modified_gmt":"2022-06-24T12:23:51","slug":"sac-trobax","status":"publish","type":"product","link":"https:\/\/www.hapy-com.fr\/echoppe\/product\/sac-trobax\/","title":{"rendered":"Sac Trobax"},"content":{"rendered":"<p>Le sac filet ou filet \u00e0 provision \u00e9co-frienldy en coton \u00e9cru de 220g \/ m2, avec une surface sans filet pour l\u00b4impression. Anses conformtables renforc\u00e9es de 60 cm de long.<\/p>\n","protected":false},"excerpt":{"rendered":"<p>Le sac filet ou filet \u00e0 provision \u00e9co-frienldy en coton \u00e9cru de 220g \/ m2, avec une surface sans filet pour l\u00b4impression. Anses conformtables renforc\u00e9es de 60 cm de long.<\/p>\n","protected":false},"featured_media":24861,"template":"","meta":[],"product_cat":[363],"product_tag":[],"class_list":{"0":"post-24863","1":"product","2":"type-product","3":"status-publish","4":"has-post-thumbnail","6":"product_cat-sacs-et-bagages","8":"first","9":"instock","10":"shipping-taxable","11":"purchasable","12":"product-type-simple"},"_links":{"self":[{"href":"https:\/\/www.hapy-com.fr\/echoppe\/wp-json\/wp\/v2\/product\/24863","targetHints":{"allow":["GET"]}}],"collection":[{"href":"https:\/\/www.hapy-com.fr\/echoppe\/wp-json\/wp\/v2\/product"}],"about":[{"href":"https:\/\/www.hapy-com.fr\/echoppe\/wp-json\/wp\/v2\/types\/product"}],"wp:featuredmedia":[{"embeddable":true,"href":"https:\/\/www.hapy-com.fr\/echoppe\/wp-json\/wp\/v2\/media\/24861"}],"wp:attachment":[{"href":"https:\/\/www.hapy-com.fr\/echoppe\/wp-json\/wp\/v2\/media?parent=24863"}],"wp:term":[{"taxonomy":"product_cat","embeddable":true,"href":"https:\/\/www.hapy-com.fr\/echoppe\/wp-json\/wp\/v2\/product_cat?post=24863"},{"taxonomy":"product_tag","embeddable":true,"href":"https:\/\/www.hapy-com.fr\/echoppe\/wp-json\/wp\/v2\/product_tag?post=24863"}],"curies":[{"name":"wp","href":"https:\/\/api.w.org\/{rel}","templated":true}]}}