{"id":24872,"date":"2022-06-24T14:24:00","date_gmt":"2022-06-24T12:24:00","guid":{"rendered":"http:\/\/www.hapy-com.fr\/echoppe\/product\/sac-pliable-charel\/"},"modified":"2022-06-24T14:24:00","modified_gmt":"2022-06-24T12:24:00","slug":"sac-pliable-charel","status":"publish","type":"product","link":"https:\/\/www.hapy-com.fr\/echoppe\/product\/sac-pliable-charel\/","title":{"rendered":"Sac Pliable Charel"},"content":{"rendered":"<p>Sac pliant de ligne naturelle en combinaison de mat\u00e9riaux 100% coton de 110 g\/m2 et base en li\u00e8ge naturel, avec poche. Poign\u00e9es de 57 cm avec renforcement, finition cousue et r\u00e9sistance jusqu\u2019\u00e0 8 kg de poids. Petit pliage \u00e0 fermeture \u00e9clair pour un transport facile.<\/p>\n","protected":false},"excerpt":{"rendered":"<p>Sac pliant de ligne naturelle en combinaison de mat\u00e9riaux 100% coton de 110 g\/m2 et base en li\u00e8ge naturel, avec poche. Poign\u00e9es de 57 cm avec renforcement, finition cousue et&#8230;<\/p>\n","protected":false},"featured_media":24870,"template":"","meta":[],"product_cat":[363],"product_tag":[],"class_list":{"0":"post-24872","1":"product","2":"type-product","3":"status-publish","4":"has-post-thumbnail","6":"product_cat-sacs-et-bagages","8":"first","9":"instock","10":"shipping-taxable","11":"purchasable","12":"product-type-simple"},"_links":{"self":[{"href":"https:\/\/www.hapy-com.fr\/echoppe\/wp-json\/wp\/v2\/product\/24872","targetHints":{"allow":["GET"]}}],"collection":[{"href":"https:\/\/www.hapy-com.fr\/echoppe\/wp-json\/wp\/v2\/product"}],"about":[{"href":"https:\/\/www.hapy-com.fr\/echoppe\/wp-json\/wp\/v2\/types\/product"}],"wp:featuredmedia":[{"embeddable":true,"href":"https:\/\/www.hapy-com.fr\/echoppe\/wp-json\/wp\/v2\/media\/24870"}],"wp:attachment":[{"href":"https:\/\/www.hapy-com.fr\/echoppe\/wp-json\/wp\/v2\/media?parent=24872"}],"wp:term":[{"taxonomy":"product_cat","embeddable":true,"href":"https:\/\/www.hapy-com.fr\/echoppe\/wp-json\/wp\/v2\/product_cat?post=24872"},{"taxonomy":"product_tag","embeddable":true,"href":"https:\/\/www.hapy-com.fr\/echoppe\/wp-json\/wp\/v2\/product_tag?post=24872"}],"curies":[{"name":"wp","href":"https:\/\/api.w.org\/{rel}","templated":true}]}}