{"id":24896,"date":"2022-06-24T14:24:22","date_gmt":"2022-06-24T12:24:22","guid":{"rendered":"http:\/\/www.hapy-com.fr\/echoppe\/product\/sac-palzim\/"},"modified":"2022-06-24T14:24:22","modified_gmt":"2022-06-24T12:24:22","slug":"sac-palzim","status":"publish","type":"product","link":"https:\/\/www.hapy-com.fr\/echoppe\/product\/sac-palzim\/","title":{"rendered":"Sac Palzim"},"content":{"rendered":"<p>Sac de ligne naturelle en papier stratifi\u00e9 robuste de 105g\/m2, tr\u00e8s r\u00e9sistant. Poign\u00e9es de coton longues de couleur naturelle. Finition cousue et r\u00e9sistance jusqu\u2019\u00e0 8kg de poids.<\/p>\n","protected":false},"excerpt":{"rendered":"<p>Sac de ligne naturelle en papier stratifi\u00e9 robuste de 105g\/m2, tr\u00e8s r\u00e9sistant. Poign\u00e9es de coton longues de couleur naturelle. Finition cousue et r\u00e9sistance jusqu\u2019\u00e0 8kg de poids.<\/p>\n","protected":false},"featured_media":24894,"template":"","meta":[],"product_cat":[363],"product_tag":[],"class_list":{"0":"post-24896","1":"product","2":"type-product","3":"status-publish","4":"has-post-thumbnail","6":"product_cat-sacs-et-bagages","8":"first","9":"instock","10":"shipping-taxable","11":"purchasable","12":"product-type-simple"},"_links":{"self":[{"href":"https:\/\/www.hapy-com.fr\/echoppe\/wp-json\/wp\/v2\/product\/24896","targetHints":{"allow":["GET"]}}],"collection":[{"href":"https:\/\/www.hapy-com.fr\/echoppe\/wp-json\/wp\/v2\/product"}],"about":[{"href":"https:\/\/www.hapy-com.fr\/echoppe\/wp-json\/wp\/v2\/types\/product"}],"wp:featuredmedia":[{"embeddable":true,"href":"https:\/\/www.hapy-com.fr\/echoppe\/wp-json\/wp\/v2\/media\/24894"}],"wp:attachment":[{"href":"https:\/\/www.hapy-com.fr\/echoppe\/wp-json\/wp\/v2\/media?parent=24896"}],"wp:term":[{"taxonomy":"product_cat","embeddable":true,"href":"https:\/\/www.hapy-com.fr\/echoppe\/wp-json\/wp\/v2\/product_cat?post=24896"},{"taxonomy":"product_tag","embeddable":true,"href":"https:\/\/www.hapy-com.fr\/echoppe\/wp-json\/wp\/v2\/product_tag?post=24896"}],"curies":[{"name":"wp","href":"https:\/\/api.w.org\/{rel}","templated":true}]}}