{"id":24905,"date":"2022-06-24T14:24:31","date_gmt":"2022-06-24T12:24:31","guid":{"rendered":"http:\/\/www.hapy-com.fr\/echoppe\/product\/sac-yulia\/"},"modified":"2022-06-24T14:24:31","modified_gmt":"2022-06-24T12:24:31","slug":"sac-yulia","status":"publish","type":"product","link":"https:\/\/www.hapy-com.fr\/echoppe\/product\/sac-yulia\/","title":{"rendered":"Sac Yulia"},"content":{"rendered":"<p>Sac en ligne naturelle en coton r\u00e9sistant \u00e0 180g\/m2 et poign\u00e9es de li\u00e8ge naturelles renforc\u00e9es originales de 70 cm. Finition cousue et r\u00e9sistance jusqu\u2019\u00e0 8kg de poids.<\/p>\n","protected":false},"excerpt":{"rendered":"<p>Sac en ligne naturelle en coton r\u00e9sistant \u00e0 180g\/m2 et poign\u00e9es de li\u00e8ge naturelles renforc\u00e9es originales de 70 cm. Finition cousue et r\u00e9sistance jusqu\u2019\u00e0 8kg de poids.<\/p>\n","protected":false},"featured_media":24903,"template":"","meta":[],"product_cat":[363],"product_tag":[],"class_list":{"0":"post-24905","1":"product","2":"type-product","3":"status-publish","4":"has-post-thumbnail","6":"product_cat-sacs-et-bagages","8":"first","9":"instock","10":"shipping-taxable","11":"purchasable","12":"product-type-simple"},"_links":{"self":[{"href":"https:\/\/www.hapy-com.fr\/echoppe\/wp-json\/wp\/v2\/product\/24905","targetHints":{"allow":["GET"]}}],"collection":[{"href":"https:\/\/www.hapy-com.fr\/echoppe\/wp-json\/wp\/v2\/product"}],"about":[{"href":"https:\/\/www.hapy-com.fr\/echoppe\/wp-json\/wp\/v2\/types\/product"}],"wp:featuredmedia":[{"embeddable":true,"href":"https:\/\/www.hapy-com.fr\/echoppe\/wp-json\/wp\/v2\/media\/24903"}],"wp:attachment":[{"href":"https:\/\/www.hapy-com.fr\/echoppe\/wp-json\/wp\/v2\/media?parent=24905"}],"wp:term":[{"taxonomy":"product_cat","embeddable":true,"href":"https:\/\/www.hapy-com.fr\/echoppe\/wp-json\/wp\/v2\/product_cat?post=24905"},{"taxonomy":"product_tag","embeddable":true,"href":"https:\/\/www.hapy-com.fr\/echoppe\/wp-json\/wp\/v2\/product_tag?post=24905"}],"curies":[{"name":"wp","href":"https:\/\/api.w.org\/{rel}","templated":true}]}}