{"id":24911,"date":"2022-06-24T14:24:38","date_gmt":"2022-06-24T12:24:38","guid":{"rendered":"http:\/\/www.hapy-com.fr\/echoppe\/product\/sac-martha\/"},"modified":"2022-06-24T14:24:38","modified_gmt":"2022-06-24T12:24:38","slug":"sac-martha","status":"publish","type":"product","link":"https:\/\/www.hapy-com.fr\/echoppe\/product\/sac-martha\/","title":{"rendered":"Sac Martha"},"content":{"rendered":"<p>Sac de ligne naturelle en finition de grille r\u00e9sistante au coton de 170g\/m2 et d\u2019origine. Poign\u00e9es longues en coton, 60 cm et renforc\u00e9es. Finition cousue et r\u00e9sistance jusqu\u2019\u00e0 8kg de poids.<\/p>\n","protected":false},"excerpt":{"rendered":"<p>Sac de ligne naturelle en finition de grille r\u00e9sistante au coton de 170g\/m2 et d\u2019origine. Poign\u00e9es longues en coton, 60 cm et renforc\u00e9es. Finition cousue et r\u00e9sistance jusqu\u2019\u00e0 8kg de&#8230;<\/p>\n","protected":false},"featured_media":24909,"template":"","meta":[],"product_cat":[363],"product_tag":[],"class_list":{"0":"post-24911","1":"product","2":"type-product","3":"status-publish","4":"has-post-thumbnail","6":"product_cat-sacs-et-bagages","8":"first","9":"instock","10":"shipping-taxable","11":"purchasable","12":"product-type-simple"},"_links":{"self":[{"href":"https:\/\/www.hapy-com.fr\/echoppe\/wp-json\/wp\/v2\/product\/24911","targetHints":{"allow":["GET"]}}],"collection":[{"href":"https:\/\/www.hapy-com.fr\/echoppe\/wp-json\/wp\/v2\/product"}],"about":[{"href":"https:\/\/www.hapy-com.fr\/echoppe\/wp-json\/wp\/v2\/types\/product"}],"wp:featuredmedia":[{"embeddable":true,"href":"https:\/\/www.hapy-com.fr\/echoppe\/wp-json\/wp\/v2\/media\/24909"}],"wp:attachment":[{"href":"https:\/\/www.hapy-com.fr\/echoppe\/wp-json\/wp\/v2\/media?parent=24911"}],"wp:term":[{"taxonomy":"product_cat","embeddable":true,"href":"https:\/\/www.hapy-com.fr\/echoppe\/wp-json\/wp\/v2\/product_cat?post=24911"},{"taxonomy":"product_tag","embeddable":true,"href":"https:\/\/www.hapy-com.fr\/echoppe\/wp-json\/wp\/v2\/product_tag?post=24911"}],"curies":[{"name":"wp","href":"https:\/\/api.w.org\/{rel}","templated":true}]}}