{"id":24914,"date":"2022-06-24T14:24:41","date_gmt":"2022-06-24T12:24:41","guid":{"rendered":"http:\/\/www.hapy-com.fr\/echoppe\/product\/sac-casim\/"},"modified":"2022-06-24T14:24:41","modified_gmt":"2022-06-24T12:24:41","slug":"sac-casim","status":"publish","type":"product","link":"https:\/\/www.hapy-com.fr\/echoppe\/product\/sac-casim\/","title":{"rendered":"Sac Casim"},"content":{"rendered":"<p>Sac de ligne naturelle en coton biologique 140g\/m2. Poign\u00e9es longues en coton biologique, 70 cm et renforc\u00e9es. Finition cousue et r\u00e9sistance jusqu\u2019\u00e0 8kg de poids, avec coton biologique distinctif sur l\u2019\u00e9tiquette.<\/p>\n","protected":false},"excerpt":{"rendered":"<p>Sac de ligne naturelle en coton biologique 140g\/m2. Poign\u00e9es longues en coton biologique, 70 cm et renforc\u00e9es. Finition cousue et r\u00e9sistance jusqu\u2019\u00e0 8kg de poids, avec coton biologique distinctif sur&#8230;<\/p>\n","protected":false},"featured_media":24912,"template":"","meta":[],"product_cat":[363],"product_tag":[],"class_list":{"0":"post-24914","1":"product","2":"type-product","3":"status-publish","4":"has-post-thumbnail","6":"product_cat-sacs-et-bagages","8":"first","9":"instock","10":"shipping-taxable","11":"purchasable","12":"product-type-simple"},"_links":{"self":[{"href":"https:\/\/www.hapy-com.fr\/echoppe\/wp-json\/wp\/v2\/product\/24914","targetHints":{"allow":["GET"]}}],"collection":[{"href":"https:\/\/www.hapy-com.fr\/echoppe\/wp-json\/wp\/v2\/product"}],"about":[{"href":"https:\/\/www.hapy-com.fr\/echoppe\/wp-json\/wp\/v2\/types\/product"}],"wp:featuredmedia":[{"embeddable":true,"href":"https:\/\/www.hapy-com.fr\/echoppe\/wp-json\/wp\/v2\/media\/24912"}],"wp:attachment":[{"href":"https:\/\/www.hapy-com.fr\/echoppe\/wp-json\/wp\/v2\/media?parent=24914"}],"wp:term":[{"taxonomy":"product_cat","embeddable":true,"href":"https:\/\/www.hapy-com.fr\/echoppe\/wp-json\/wp\/v2\/product_cat?post=24914"},{"taxonomy":"product_tag","embeddable":true,"href":"https:\/\/www.hapy-com.fr\/echoppe\/wp-json\/wp\/v2\/product_tag?post=24914"}],"curies":[{"name":"wp","href":"https:\/\/api.w.org\/{rel}","templated":true}]}}