{"id":24958,"date":"2022-06-24T14:25:23","date_gmt":"2022-06-24T12:25:23","guid":{"rendered":"http:\/\/www.hapy-com.fr\/echoppe\/product\/sac-recycle-3\/"},"modified":"2022-06-24T14:25:23","modified_gmt":"2022-06-24T12:25:23","slug":"sac-recycle-3","status":"publish","type":"product","link":"https:\/\/www.hapy-com.fr\/echoppe\/product\/sac-recycle-3\/","title":{"rendered":"Sac Recycle"},"content":{"rendered":"<p>Sac biod\u00e9gradable en lamin\u00e9 r\u00e9sistant propos\u00e9 dans un grand choix de couleurs vives. Anses renforc\u00e9es en nylon, longues de 70 cm, soufflet renforc\u00e9 avec passepoil et fermeture par bouton pression. Finition cousue. R\u00e9sistance au poids jusqu\u00b4\u00e0 12 kg.<\/p>\n","protected":false},"excerpt":{"rendered":"<p>Sac biod\u00e9gradable en lamin\u00e9 r\u00e9sistant propos\u00e9 dans un grand choix de couleurs vives. Anses renforc\u00e9es en nylon, longues de 70 cm, soufflet renforc\u00e9 avec passepoil et fermeture par bouton pression&#8230;.<\/p>\n","protected":false},"featured_media":24954,"template":"","meta":[],"product_cat":[363],"product_tag":[],"class_list":{"0":"post-24958","1":"product","2":"type-product","3":"status-publish","4":"has-post-thumbnail","6":"product_cat-sacs-et-bagages","8":"first","9":"instock","10":"shipping-taxable","11":"purchasable","12":"product-type-simple"},"_links":{"self":[{"href":"https:\/\/www.hapy-com.fr\/echoppe\/wp-json\/wp\/v2\/product\/24958","targetHints":{"allow":["GET"]}}],"collection":[{"href":"https:\/\/www.hapy-com.fr\/echoppe\/wp-json\/wp\/v2\/product"}],"about":[{"href":"https:\/\/www.hapy-com.fr\/echoppe\/wp-json\/wp\/v2\/types\/product"}],"wp:featuredmedia":[{"embeddable":true,"href":"https:\/\/www.hapy-com.fr\/echoppe\/wp-json\/wp\/v2\/media\/24954"}],"wp:attachment":[{"href":"https:\/\/www.hapy-com.fr\/echoppe\/wp-json\/wp\/v2\/media?parent=24958"}],"wp:term":[{"taxonomy":"product_cat","embeddable":true,"href":"https:\/\/www.hapy-com.fr\/echoppe\/wp-json\/wp\/v2\/product_cat?post=24958"},{"taxonomy":"product_tag","embeddable":true,"href":"https:\/\/www.hapy-com.fr\/echoppe\/wp-json\/wp\/v2\/product_tag?post=24958"}],"curies":[{"name":"wp","href":"https:\/\/api.w.org\/{rel}","templated":true}]}}