{"id":24967,"date":"2022-06-24T14:25:31","date_gmt":"2022-06-24T12:25:31","guid":{"rendered":"http:\/\/www.hapy-com.fr\/echoppe\/product\/sac-aloe\/"},"modified":"2022-06-24T14:25:31","modified_gmt":"2022-06-24T12:25:31","slug":"sac-aloe","status":"publish","type":"product","link":"https:\/\/www.hapy-com.fr\/echoppe\/product\/sac-aloe\/","title":{"rendered":"Sac Aloe"},"content":{"rendered":"<p>Sac shopping en 100% coton biologique de couleur naturelle. Poign\u00e9es courtes renforc\u00e9es de 35 cm en couleur verte, soufflet et finition cousue. R\u00e9sistance au poids jusqu\u00b4\u00e0 9 kg s.<\/p>\n","protected":false},"excerpt":{"rendered":"<p>Sac shopping en 100% coton biologique de couleur naturelle. Poign\u00e9es courtes renforc\u00e9es de 35 cm en couleur verte, soufflet et finition cousue. R\u00e9sistance au poids jusqu\u00b4\u00e0 9 kg s.<\/p>\n","protected":false},"featured_media":24965,"template":"","meta":[],"product_cat":[363],"product_tag":[],"class_list":{"0":"post-24967","1":"product","2":"type-product","3":"status-publish","4":"has-post-thumbnail","6":"product_cat-sacs-et-bagages","8":"first","9":"instock","10":"shipping-taxable","11":"purchasable","12":"product-type-simple"},"_links":{"self":[{"href":"https:\/\/www.hapy-com.fr\/echoppe\/wp-json\/wp\/v2\/product\/24967","targetHints":{"allow":["GET"]}}],"collection":[{"href":"https:\/\/www.hapy-com.fr\/echoppe\/wp-json\/wp\/v2\/product"}],"about":[{"href":"https:\/\/www.hapy-com.fr\/echoppe\/wp-json\/wp\/v2\/types\/product"}],"wp:featuredmedia":[{"embeddable":true,"href":"https:\/\/www.hapy-com.fr\/echoppe\/wp-json\/wp\/v2\/media\/24965"}],"wp:attachment":[{"href":"https:\/\/www.hapy-com.fr\/echoppe\/wp-json\/wp\/v2\/media?parent=24967"}],"wp:term":[{"taxonomy":"product_cat","embeddable":true,"href":"https:\/\/www.hapy-com.fr\/echoppe\/wp-json\/wp\/v2\/product_cat?post=24967"},{"taxonomy":"product_tag","embeddable":true,"href":"https:\/\/www.hapy-com.fr\/echoppe\/wp-json\/wp\/v2\/product_tag?post=24967"}],"curies":[{"name":"wp","href":"https:\/\/api.w.org\/{rel}","templated":true}]}}