{"id":24982,"date":"2022-06-24T14:25:46","date_gmt":"2022-06-24T12:25:46","guid":{"rendered":"http:\/\/www.hapy-com.fr\/echoppe\/product\/sac-splentor-2\/"},"modified":"2022-06-24T14:25:46","modified_gmt":"2022-06-24T12:25:46","slug":"sac-splentor-2","status":"publish","type":"product","link":"https:\/\/www.hapy-com.fr\/echoppe\/product\/sac-splentor-2\/","title":{"rendered":"Sac Splentor"},"content":{"rendered":"<p>Sac lamin\u00e9 en intiss\u00e9 de 110g\/m2 en finition m\u00e9tallis\u00e9e, disponible en plusieurs coloris. Poign\u00e9es renforc\u00e9es de 55 cm, soufflet. Finition cousue. R\u00e9sistance au poids jusqu\u00b4\u00e0 9 kg.<\/p>\n","protected":false},"excerpt":{"rendered":"<p>Sac lamin\u00e9 en intiss\u00e9 de 110g\/m2 en finition m\u00e9tallis\u00e9e, disponible en plusieurs coloris. Poign\u00e9es renforc\u00e9es de 55 cm, soufflet. Finition cousue. R\u00e9sistance au poids jusqu\u00b4\u00e0 9 kg.<\/p>\n","protected":false},"featured_media":24981,"template":"","meta":[],"product_cat":[363],"product_tag":[],"class_list":{"0":"post-24982","1":"product","2":"type-product","3":"status-publish","4":"has-post-thumbnail","6":"product_cat-sacs-et-bagages","8":"first","9":"instock","10":"shipping-taxable","11":"purchasable","12":"product-type-simple"},"_links":{"self":[{"href":"https:\/\/www.hapy-com.fr\/echoppe\/wp-json\/wp\/v2\/product\/24982","targetHints":{"allow":["GET"]}}],"collection":[{"href":"https:\/\/www.hapy-com.fr\/echoppe\/wp-json\/wp\/v2\/product"}],"about":[{"href":"https:\/\/www.hapy-com.fr\/echoppe\/wp-json\/wp\/v2\/types\/product"}],"wp:featuredmedia":[{"embeddable":true,"href":"https:\/\/www.hapy-com.fr\/echoppe\/wp-json\/wp\/v2\/media\/24981"}],"wp:attachment":[{"href":"https:\/\/www.hapy-com.fr\/echoppe\/wp-json\/wp\/v2\/media?parent=24982"}],"wp:term":[{"taxonomy":"product_cat","embeddable":true,"href":"https:\/\/www.hapy-com.fr\/echoppe\/wp-json\/wp\/v2\/product_cat?post=24982"},{"taxonomy":"product_tag","embeddable":true,"href":"https:\/\/www.hapy-com.fr\/echoppe\/wp-json\/wp\/v2\/product_tag?post=24982"}],"curies":[{"name":"wp","href":"https:\/\/api.w.org\/{rel}","templated":true}]}}