{"id":25032,"date":"2022-06-24T14:26:34","date_gmt":"2022-06-24T12:26:34","guid":{"rendered":"http:\/\/www.hapy-com.fr\/echoppe\/product\/cage-de-buts-zubigol-4\/"},"modified":"2022-06-24T14:26:34","modified_gmt":"2022-06-24T12:26:34","slug":"cage-de-buts-zubigol-4","status":"publish","type":"product","link":"https:\/\/www.hapy-com.fr\/echoppe\/product\/cage-de-buts-zubigol-4\/","title":{"rendered":"Cage de Buts Zubigol"},"content":{"rendered":"<p>Cage de But Zubigol pliable, propos\u00e9e dans des couleurs vives. M\u00e9lange de nylon r\u00e9sistant et filet. Sac de transport pratique avec poign\u00e9es.<\/p>\n","protected":false},"excerpt":{"rendered":"<p>Cage de But Zubigol pliable, propos\u00e9e dans des couleurs vives. M\u00e9lange de nylon r\u00e9sistant et filet. Sac de transport pratique avec poign\u00e9es.<\/p>\n","protected":false},"featured_media":25026,"template":"","meta":[],"product_cat":[364],"product_tag":[],"class_list":{"0":"post-25032","1":"product","2":"type-product","3":"status-publish","4":"has-post-thumbnail","6":"product_cat-sport-et-aventure","8":"first","9":"instock","10":"shipping-taxable","11":"purchasable","12":"product-type-simple"},"_links":{"self":[{"href":"https:\/\/www.hapy-com.fr\/echoppe\/wp-json\/wp\/v2\/product\/25032","targetHints":{"allow":["GET"]}}],"collection":[{"href":"https:\/\/www.hapy-com.fr\/echoppe\/wp-json\/wp\/v2\/product"}],"about":[{"href":"https:\/\/www.hapy-com.fr\/echoppe\/wp-json\/wp\/v2\/types\/product"}],"wp:featuredmedia":[{"embeddable":true,"href":"https:\/\/www.hapy-com.fr\/echoppe\/wp-json\/wp\/v2\/media\/25026"}],"wp:attachment":[{"href":"https:\/\/www.hapy-com.fr\/echoppe\/wp-json\/wp\/v2\/media?parent=25032"}],"wp:term":[{"taxonomy":"product_cat","embeddable":true,"href":"https:\/\/www.hapy-com.fr\/echoppe\/wp-json\/wp\/v2\/product_cat?post=25032"},{"taxonomy":"product_tag","embeddable":true,"href":"https:\/\/www.hapy-com.fr\/echoppe\/wp-json\/wp\/v2\/product_tag?post=25032"}],"curies":[{"name":"wp","href":"https:\/\/api.w.org\/{rel}","templated":true}]}}