{"id":25050,"date":"2022-06-24T14:26:48","date_gmt":"2022-06-24T12:26:48","guid":{"rendered":"http:\/\/www.hapy-com.fr\/echoppe\/product\/plastron-wiki\/"},"modified":"2022-06-24T14:26:48","modified_gmt":"2022-06-24T12:26:48","slug":"plastron-wiki","status":"publish","type":"product","link":"https:\/\/www.hapy-com.fr\/echoppe\/product\/plastron-wiki\/","title":{"rendered":"Plastron Wiki"},"content":{"rendered":"<p>Chasuble sportif pour enfant. Polyester doux et r\u00e9sistant 190 T propos\u00e9 en couleurs vives. Attaches lat\u00e9rales par \u00e9lastique. Taille unique<\/p>\n","protected":false},"excerpt":{"rendered":"<p>Chasuble sportif pour enfant. Polyester doux et r\u00e9sistant 190 T propos\u00e9 en couleurs vives. Attaches lat\u00e9rales par \u00e9lastique. Taille unique<\/p>\n","protected":false},"featured_media":25049,"template":"","meta":[],"product_cat":[364],"product_tag":[],"class_list":{"0":"post-25050","1":"product","2":"type-product","3":"status-publish","4":"has-post-thumbnail","6":"product_cat-sport-et-aventure","8":"first","9":"instock","10":"shipping-taxable","11":"purchasable","12":"product-type-simple"},"_links":{"self":[{"href":"https:\/\/www.hapy-com.fr\/echoppe\/wp-json\/wp\/v2\/product\/25050","targetHints":{"allow":["GET"]}}],"collection":[{"href":"https:\/\/www.hapy-com.fr\/echoppe\/wp-json\/wp\/v2\/product"}],"about":[{"href":"https:\/\/www.hapy-com.fr\/echoppe\/wp-json\/wp\/v2\/types\/product"}],"wp:featuredmedia":[{"embeddable":true,"href":"https:\/\/www.hapy-com.fr\/echoppe\/wp-json\/wp\/v2\/media\/25049"}],"wp:attachment":[{"href":"https:\/\/www.hapy-com.fr\/echoppe\/wp-json\/wp\/v2\/media?parent=25050"}],"wp:term":[{"taxonomy":"product_cat","embeddable":true,"href":"https:\/\/www.hapy-com.fr\/echoppe\/wp-json\/wp\/v2\/product_cat?post=25050"},{"taxonomy":"product_tag","embeddable":true,"href":"https:\/\/www.hapy-com.fr\/echoppe\/wp-json\/wp\/v2\/product_tag?post=25050"}],"curies":[{"name":"wp","href":"https:\/\/api.w.org\/{rel}","templated":true}]}}