{"id":25088,"date":"2022-06-24T14:27:16","date_gmt":"2022-06-24T12:27:16","guid":{"rendered":"http:\/\/www.hapy-com.fr\/echoppe\/product\/tour-de-poignet-oakley-3\/"},"modified":"2022-06-24T14:27:16","modified_gmt":"2022-06-24T12:27:16","slug":"tour-de-poignet-oakley-3","status":"publish","type":"product","link":"https:\/\/www.hapy-com.fr\/echoppe\/product\/tour-de-poignet-oakley-3\/","title":{"rendered":"Tour de Poignet Oakley"},"content":{"rendered":"<p>Tour de poignet ajust\u00e9 en microfibre r\u00e9sistante et douce propos\u00e9 en couleurs vives. Avec poche zipp\u00e9e assortie.Con\u00e7u pour les activit\u00e9s sportives et de loisirs<\/p>\n","protected":false},"excerpt":{"rendered":"<p>Tour de poignet ajust\u00e9 en microfibre r\u00e9sistante et douce propos\u00e9 en couleurs vives. Avec poche zipp\u00e9e assortie.Con\u00e7u pour les activit\u00e9s sportives et de loisirs<\/p>\n","protected":false},"featured_media":25087,"template":"","meta":[],"product_cat":[364],"product_tag":[],"class_list":{"0":"post-25088","1":"product","2":"type-product","3":"status-publish","4":"has-post-thumbnail","6":"product_cat-sport-et-aventure","8":"first","9":"instock","10":"shipping-taxable","11":"purchasable","12":"product-type-simple"},"_links":{"self":[{"href":"https:\/\/www.hapy-com.fr\/echoppe\/wp-json\/wp\/v2\/product\/25088","targetHints":{"allow":["GET"]}}],"collection":[{"href":"https:\/\/www.hapy-com.fr\/echoppe\/wp-json\/wp\/v2\/product"}],"about":[{"href":"https:\/\/www.hapy-com.fr\/echoppe\/wp-json\/wp\/v2\/types\/product"}],"wp:featuredmedia":[{"embeddable":true,"href":"https:\/\/www.hapy-com.fr\/echoppe\/wp-json\/wp\/v2\/media\/25087"}],"wp:attachment":[{"href":"https:\/\/www.hapy-com.fr\/echoppe\/wp-json\/wp\/v2\/media?parent=25088"}],"wp:term":[{"taxonomy":"product_cat","embeddable":true,"href":"https:\/\/www.hapy-com.fr\/echoppe\/wp-json\/wp\/v2\/product_cat?post=25088"},{"taxonomy":"product_tag","embeddable":true,"href":"https:\/\/www.hapy-com.fr\/echoppe\/wp-json\/wp\/v2\/product_tag?post=25088"}],"curies":[{"name":"wp","href":"https:\/\/api.w.org\/{rel}","templated":true}]}}